{"id":641,"date":"2018-05-24T17:43:33","date_gmt":"2018-05-24T15:43:33","guid":{"rendered":"http:\/\/www.centroisah.it\/?page_id=641"},"modified":"2022-09-14T15:10:58","modified_gmt":"2022-09-14T13:10:58","slug":"cookies-policy","status":"publish","type":"page","link":"https:\/\/www.centroisah.it\/?page_id=641","title":{"rendered":"Cookies policy"},"content":{"rendered":"<header class=\"group\">\n<h1 class=\"contentheading\"><\/h1>\n<\/header>\n<div class=\"description group\">\n<div class=\"desc-content field_text\">\n<p><strong>per il sito web di Centro di ISAH Centro di riabilitazione Polivalente e Casa di Riposo San Giuseppe<\/strong><\/p>\n<p><strong>ai sensi dell&#8217;articolo 13 del Regolamento (UE) 2016\/679<\/strong><\/p>\n<p><strong>PERCH<\/strong><strong>\u00c9 <\/strong><strong>QUESTA INFORMATIVA<\/strong><\/p>\n<p>Ai sensi\u00a0del Regolamento (UE) 2016\/679 (di seguito il &#8220;Regolamento&#8221;), <strong>Centro di ISAH Centro di riabilitazione Polivalente e Casa di Riposo San Giuseppe<\/strong> (P. Iva 01374770087) con sede in Piazzetta G.B. De Negri 4, 18100 \u2013 Imperia (E-mail: <a href=\"mailto:info@centroisah.it\">info@centroisah.it<\/a>, PEC <a href=\"mailto:amministrazione@pec.centroisah.it\">amministrazione@pec.centroisah.it<\/a>, Tel. 0183 293522), in qualit\u00e0 di titolare del trattamento, fornisce le seguenti informazioni relativamente ai cookie installati sul dominio <a href=\"http:\/\/www.centroisah.it\">www.centroisah.it<\/a> (di seguito il \u201csito\u201d).<\/p>\n<p><strong>COSA SONO I COOKIE<\/strong><\/p>\n<p>I cookie sono stringhe di testo di piccole dimensioni (formate in genere da lettere e numeri) che consentono al sito di riconoscere un particolare dispositivo o browser; tali file di testo vengono inviati da un sito web al browser utilizzato dall\u2019utente per la navigazione, successivamente vengono memorizzati sul suo dispositivo (computer, tablet, smartphone, ecc.) e ritrasmessi al medesimo durante la successiva visita dell\u2019utente.<\/p>\n<p><strong>DIFFERENTI TIPI DI COOKIE<\/strong><\/p>\n<p><strong><em>Cookie tecnici di navigazione o di sessione<\/em><\/strong><\/p>\n<p>Sono utilizzati al fine di effettuare la trasmissione di una comunicazione e sono strettamente necessari per consentire apposite funzionalit\u00e0 che garantiscono la normale navigazione e fruizione del sito web (permettendo, ad esempio, di realizzare un acquisto o autenticarsi per accedere ad aree riservate). Tali cookie possono essere poi distinti in ragione della loro persistenza sul terminale dell\u2019utente: quelli che si cancellano automaticamente alla fine di ogni navigazione, si chiamano \u201csession cookie\u201d (ad esempio quello relativo al carrello di acquisti on line). Se viceversa essi hanno una vita pi\u00f9 lunga, si parla di &#8220;cookie permanenti&#8221;.<\/p>\n<p>I cookie tecnici non richiedono un preventivo consenso dell\u2019utente per essere installati sul dispositivo; si tratta di cookie necessari, indispensabili per il corretto funzionamento del sito, la cui installazione \u00e8 indispensabile per effettuare la navigazione o fornire il servizio richiesto dall\u2019utente.<\/p>\n<p>Utilizziamo i cookie di navigazione o di sessione per gestire le preferenze personali, se impostate dall\u2019utente.<\/p>\n<p><strong><em>Cookie analitici<\/em><\/strong><\/p>\n<p>Sono utilizzati per raccogliere informazioni, in forma aggregata, sul numero degli utenti e su come questi visitano il sito stesso. Permettono al proprietario di un sito web di avere una migliore conoscenza dei propri utenti e di migliorare il funzionamento del sito stesso (ad esempio: le pagine visitate, gli errori che si possono incontrare, il calcolo degli utenti che stanno usando i servizi in modo da assicurare la capacit\u00e0 necessaria per una navigazione veloce).<\/p>\n<p>Utilizziamo i cookie analitici, di prima e di terza parte, per ricevere statistiche su come viene utilizzato il nostro sito web, per migliorare il sito misurando gli eventuali errori che si verificano. Per l\u2019installazione di tali cookie non \u00e8 richiesto il preventivo consenso dell\u2019utente laddove questi siano utilizzati direttamente dal gestore del sito, in quanto assimilati ai cookie tecnici. Si precisa che affinch\u00e9 i cookie analitici siano equiparati ai cookie tecnici \u00e8 indispensabile precludere la possibilit\u00e0 che si pervenga, mediante il loro utilizzo, alla diretta individuazione dell\u2019interessato (cd. single out), il che equivale a impedire l\u2019impiego di cookie analitici che, per le loro caratteristiche, possano risultare identificatori diretti e univoci; a tal fine, la struttura del cookie analitico deve prevedere la possibilit\u00e0 che lo stesso cookie sia riferibile non soltanto ad uno, bens\u00ec a pi\u00f9 dispositivi, in modo da creare una ragionevole incertezza sull\u2019identit\u00e0 informatica del soggetto che lo riceve (di regola questo effetto si ottiene mascherando opportune porzioni dell\u2019indirizzo IP all\u2019interno del cookie). Il sito della Fondazione ISAH non utilizza cookie analitici.<\/p>\n<p><strong><em>Cookie di profilazione<\/em><\/strong><\/p>\n<p>Si tratta di cookie permanenti utilizzati per identificare (in modo anonimo e non) le preferenze dell&#8217;utente e migliorare la sua esperienza di navigazione. I cookie di profilazione possono essere utilizzati per offrire servizi online, per inviare pubblicit\u00e0 che tenga conto degli interessi dell\u2019utente o per evitare che vengano offerti servizi rifiutati in passato.<\/p>\n<p>Fondazione ISAH non utilizza cookie di profilazione.<\/p>\n<p><strong>TIPOLOGIE DI COOKIE UTILIZZATE NEL PRESENTE SITO<\/strong><\/p>\n<p>Il sito utilizza cookie tecnici strettamente necessari per consentire la navigazione da parte dell\u2019utente, di seguito indicati nel dettaglio:<\/p>\n<table width=\"605\">\n<tbody>\n<tr>\n<td width=\"190\"><strong>NOME COOKIE<\/strong><\/td>\n<td width=\"414\"><strong>USO E SCADENZA<\/strong><\/td>\n<\/tr>\n<tr>\n<td width=\"190\">cookie_notice_accepted<\/td>\n<td width=\"414\">Gestione della visualizzazione dell\u2019 informativa dei cookies. Scadenza 30 Giorni.<\/td>\n<\/tr>\n<tr>\n<td width=\"190\">wordpress_test_cookie<\/td>\n<td width=\"414\">Cookie di prova della piattaforma al login backend. Nessuna scadenza<\/td>\n<\/tr>\n<tr>\n<td width=\"190\">wordpress_logged_in_*<\/td>\n<td width=\"414\">Cookie utilizzato quando un utente e\u2019 loggato nel backend del sito per indicare la sua sessione. Nessuna scadenza.<\/td>\n<\/tr>\n<tr>\n<td width=\"190\">wfwaf-authcookie-*<\/td>\n<td width=\"414\">Cookie utilizzato quando un utente e\u2019 loggato nel backend del sito per il controllo di sicurezza sul cookie di login. Nessuna scadenza.<\/td>\n<\/tr>\n<tr>\n<td width=\"190\">wp_lang<\/td>\n<td width=\"414\">Cookie utilizzato nella finestra di login, per impostare la lingua dell interfaccia utente. Nessuna scadenza.<\/td>\n<\/tr>\n<tr>\n<td width=\"190\">jetpack_sso_original_request<\/td>\n<td width=\"414\">Cookie utilizzato per il login tramite Single Sign On. Scadenza 30 Minuti.<\/td>\n<\/tr>\n<tr>\n<td width=\"190\">jetpack_sso_nonce<\/td>\n<td width=\"414\">Cookie utilizzato per la verifica al login tramite Single Sign On. Scadenza 30 minuti.<\/td>\n<\/tr>\n<\/tbody>\n<\/table>\n<p>In assenza di tali cookie, il sito web non potrebbe funzionare correttamente.<\/p>\n<p><strong><em>Cookie di &#8220;Terze Parti&#8221;<\/em><\/strong><\/p>\n<p>Attraverso il sito possono essere installati alcuni cookie di terze parti, ma il sito della Fondazione ISAH non ha installato nessun cookie di terze parti.<\/p>\n<p>Si precisa che <strong>Centro di ISAH Centro di riabilitazione Polivalente e Casa di Riposo San Giuseppe <\/strong>non \u00e8 responsabile per l\u2019eventuale utilizzo delle informazioni effettuato da terze parti, mediante i cookie sopra indicati o altri sistemi.<\/p>\n<p><strong>COME GESTIRE I COOKIE<\/strong><\/p>\n<p>Il conferimento dei dati \u00e8 rimesso alla volont\u00e0 dell\u2019utente che decida di navigare sul sito e\/o di usufruire dei servizi che richiedano l\u2019installazione di cookie dopo aver preso visione della presente informativa.<\/p>\n<p>L\u2019utente pu\u00f2 bloccare o cancellare (in tutto o in parte) i cookie anche attraverso le specifiche funzioni del proprio browser; tuttavia, nell\u2019ipotesi in cui tutti o alcuni dei predetti cookie vengano disabilitati \u00e8 possibile che il sito non risulti consultabile o che alcuni servizi o determinate funzioni del sito non siano disponibili o non funzionino correttamente. In tal caso, l\u2019utente potrebbe essere costretto a modificare o inserire manualmente alcune informazioni o preferenze ogni volta che visiter\u00e0 il sito.<\/p>\n<p>Per avere maggiori informazioni su come impostare le preferenze sull\u2019uso dei cookie attraverso il proprio browser di navigazione \u00e8 possibile consultare le relative istruzioni:<\/p>\n<ul>\n<li><a href=\"https:\/\/support.google.com\/accounts\/answer\/61416?hl=it&amp;co=GENIE.Platform%3DAndroid\">Android<\/a><\/li>\n<li><a href=\"https:\/\/support.google.com\/chrome\/answer\/95647\">Chrome<\/a><\/li>\n<li><a href=\"https:\/\/support.microsoft.com\/it-it\/windows\/eliminare-e-gestire-i-cookie-168dab11-0753-043d-7c16-ede5947fc64d\">Explorer<\/a><\/li>\n<li><a href=\"https:\/\/support.microsoft.com\/it-it\/windows\/eliminare-e-gestire-i-cookie-168dab11-0753-043d-7c16-ede5947fc64d\">Explorer [mobile]<\/a><\/li>\n<li><a href=\"https:\/\/support.mozilla.org\/it\/kb\/protezione-antitracciamento-avanzata-firefox-desktop\">Firefox<\/a><\/li>\n<li><a href=\"https:\/\/support.microsoft.com\/it-it\/microsoft-edge\/eliminare-i-cookie-in-microsoft-edge-63947406-40ac-c3b8-57b9-2a946a29ae09\">Microsoft Edge<\/a><\/li>\n<li><a href=\"https:\/\/help.opera.com\/en\/latest\/web-preferences\/#cookies\">Opera<\/a><\/li>\n<li><a href=\"https:\/\/support.apple.com\/it-it\/guide\/safari\/sfri11471\/mac\">Safari<\/a><\/li>\n<li><a href=\"https:\/\/support.apple.com\/it-it\/HT201265\">Safari [mobile]<\/a><\/li>\n<\/ul>\n<p><strong>\u00a0<\/strong><\/p>\n<p><strong>AGGIORNAMENTI E MODIFICHE<\/strong><\/p>\n<p><strong>Centro di ISAH Centro di riabilitazione Polivalente e Casa di Riposo San Giuseppe <\/strong>si riserva il diritto di modificare, integrare o aggiornare periodicamente la presente informativa in ossequio alla normativa applicabile o ai provvedimenti adottati dal Garante per la protezione dei dati personali. La invitiamo pertanto a consultare periodicamente la presente pagina.<\/p>\n<p><a href=\"https:\/\/www.centroisah.it\/sistema\/wp-content\/uploads\/2022\/09\/MODELLO-esercizio-diritti-in-materia-di-protezione-dei-dati-personali-1.pdf\">MODULO UTENTE PER ESERCIZIO DIRITTI DI PRIVACY (link al modulo)<\/a><\/p>\n<\/div>\n<\/div>\n<div class=\"post-meta\">Ultima Modifica: 14\/09\/22<\/div>","protected":false},"excerpt":{"rendered":"<p>per il sito web di Centro di ISAH Centro di riabilitazione Polivalente e Casa di Riposo San Giuseppe ai sensi dell&#8217;articolo 13 del Regolamento (UE) 2016\/679 PERCH\u00c9 QUESTA INFORMATIVA Ai sensi\u00a0del Regolamento (UE) 2016\/679 (di seguito il &#8220;Regolamento&#8221;), Centro di ISAH Centro di riabilitazione Polivalente e Casa di Riposo San \u2026 <a class=\"continue-reading-link\" href=\"https:\/\/www.centroisah.it\/?page_id=641\">continua a leggere <span class=\"meta-nav\">&rarr; <\/span><\/a><\/p>\n","protected":false},"author":4,"featured_media":0,"parent":638,"menu_order":0,"comment_status":"closed","ping_status":"closed","template":"","meta":{"jetpack_post_was_ever_published":false,"footnotes":""},"class_list":["post-641","page","type-page","status-publish","hentry"],"jetpack_sharing_enabled":true,"jetpack_shortlink":"https:\/\/wp.me\/P6JrrM-al","jetpack-related-posts":[],"jetpack_likes_enabled":true,"_links":{"self":[{"href":"https:\/\/www.centroisah.it\/index.php?rest_route=\/wp\/v2\/pages\/641","targetHints":{"allow":["GET"]}}],"collection":[{"href":"https:\/\/www.centroisah.it\/index.php?rest_route=\/wp\/v2\/pages"}],"about":[{"href":"https:\/\/www.centroisah.it\/index.php?rest_route=\/wp\/v2\/types\/page"}],"author":[{"embeddable":true,"href":"https:\/\/www.centroisah.it\/index.php?rest_route=\/wp\/v2\/users\/4"}],"replies":[{"embeddable":true,"href":"https:\/\/www.centroisah.it\/index.php?rest_route=%2Fwp%2Fv2%2Fcomments&post=641"}],"version-history":[{"count":7,"href":"https:\/\/www.centroisah.it\/index.php?rest_route=\/wp\/v2\/pages\/641\/revisions"}],"predecessor-version":[{"id":1230,"href":"https:\/\/www.centroisah.it\/index.php?rest_route=\/wp\/v2\/pages\/641\/revisions\/1230"}],"up":[{"embeddable":true,"href":"https:\/\/www.centroisah.it\/index.php?rest_route=\/wp\/v2\/pages\/638"}],"wp:attachment":[{"href":"https:\/\/www.centroisah.it\/index.php?rest_route=%2Fwp%2Fv2%2Fmedia&parent=641"}],"curies":[{"name":"wp","href":"https:\/\/api.w.org\/{rel}","templated":true}]}}