{"id":54,"date":"2015-02-24T15:06:08","date_gmt":"2015-02-24T15:06:08","guid":{"rendered":"http:\/\/new.centroisah.it\/?page_id=54"},"modified":"2026-03-31T10:05:39","modified_gmt":"2026-03-31T08:05:39","slug":"mission","status":"publish","type":"page","link":"https:\/\/www.centroisah.it\/?page_id=54","title":{"rendered":"Mission"},"content":{"rendered":"<div class=\"my_text_sezione\">\n<div class=\"my_cerca\">\n<div align=\"center\">\n<p style=\"text-align: center;\"><strong>VALORI DELLA FONDAZIONE I.S.A.H.<\/strong><br \/>\n<strong>Centro di Riabilitazione Polivalente e Casa di Riposo San Giuseppe<\/strong><\/p>\n<p style=\"text-align: left;\">I valori cardini su cui si fonda l\u2019attivit\u00e0 dell\u2019I.S.A.H. si basano sul principio che il soggetto fragile non coincide con il suo disagio ma deve essere riconosciuto come persona.<br \/>\nI valori della fondazione I.S.A.H si fondano sui concetti di<\/p>\n<p style=\"text-align: left;\">&#8211; Egualianza e imparzialit\u00e0 di trattamento: non si compie alcuna discriminazione. I comportamenti sono ispirati a criteri di obiettivit\u00e0, giustizia e imparzialit\u00e0 nei confronti della persona<br \/>\n&#8211; Rispetto della dignit\u00e0 umana: i servizi e le attivit\u00e0 sono fondate sul rispetto di tale principio garantendo agli ospiti livelli di assistenza, sostegni relazionali ed affettivi necessari ai loro bisogni e per il pieno sviluppo delle loro capacit\u00e0.<br \/>\n&#8211; Solidariet\u00e0 ed accoglienza: attraverso il sostegno alla persona fragile e alla sua integrazione sociale favorendo la solidariet\u00e0 collettiva e promuovendo attivit\u00e0 sul territorio<br \/>\n&#8211; Efficacia ed efficienza: si persegue l\u2019obiettivo del progressivo e continuo miglioramento dell\u2019efficacia e dell\u2019efficienza dei servizi e delle prestazioni, adottando le soluzioni organizzative e procedurali pi\u00f9 funzionali agli scopi prefissati nell\u2019interesse degli ospiti e degli operatori<br \/>\n&#8211; Appropriatezza degli interventi : sono orientate le risorse disponibili verso prestazioni e attivit\u00e0 la cui efficacia sotto il profilo clinico e della qualit\u00e0 di vita \u00e8 riconosciuta in base alle evidenze scientifiche e alle Linee Guida del Ministero della Salute<br \/>\n&#8211; Cortesia: l\u2019impegno \u00e8 rivolto a curare in modo particolare l\u2019aspetto della cortesia nei confronti degli ospiti e dei loro famigliari, nonch\u00e9 di tutte le persone che a diverso titolo entrano in contatto con la struttura, fornendo ai propri operatori le opportune istruzioni.<br \/>\n&#8211; Chiarezza e comprensibilit\u00e0: ponendo la massima attenzione al problema dell\u2019efficacia della comunicazione utilizzata nei rapporti con gli ospiti e coi loro care givers, allo scopo di rendere chiari e comprensibili i messaggi anche attraverso l\u2019abbattimento di ogni barriera fisica o psicologica alla comunicazione.<br \/>\n&#8211; Partecipazione: assicurando una migliore erogazione dei servizi, si garantisce agli ospiti, alle loro famiglie, alle associazioni che le rappresentano e agli operatori, la partecipazione nell\u2019ambito dei momenti di programmazione delle attivit\u00e0 e di verifica delle stesse valutandone i suggerimenti e le indicazioni<\/p>\n<p>&nbsp;<\/p>\n<p style=\"text-align: center;\"><strong>Centro di Riabilitazione Polivalente<\/strong><\/p>\n<p style=\"text-align: center;\"><strong>VISION<\/strong><\/p>\n<p style=\"text-align: left;\">Realizzare interventi e sostegni per la qualit\u00e0 di vita delle persone con disabilit\u00e0, anche prive di sostegno famigliare.<br \/>\nLo strumento cardine per il miglioramento della qualit\u00e0 di vita \u00e8 il PROGETTO DI VITA , elaborato e verificato da personale qualificato in collaborazione con la persona disabile e i caregiver.<br \/>\nAttraverso la valutazione delle preferenze e dei desideri, raccolti con procedure differenziate a seconda delle capacit\u00e0 cognitive e dei codici comunicativi dei singoli, nonch\u00e9 dei bisogni di sostegno di ciascuno, si elabora un Progetto di vita basato su alcuni domini fondamentali:<\/p>\n<p>Benessere fisico: il complesso delle azioni svolte a favore della salute della persona.<\/p>\n<p style=\"text-align: left;\">Benessere materiale: tutte le azioni volte a garantire e migliorare condizioni materiali di vita della persona come ad esempio gli effetti personali, la privacy, i luoghi intimi, il decoro personale e dei luoghi di vita.<br \/>\nBenessere emotivo: provare emozioni positive circa se stessi, l\u2019essere contenti, felici e soddisfatti di s\u00e9; il godere di contesti di vita non stressanti; l\u2019avere attivit\u00e0 in cui la persona riesce ad esprimere buone performance.<br \/>\nSviluppo personale: acquisizione di abilit\u00e0 per avere efficaci e proficue interazioni con i diversi contesti di vita frequentati ed implica quindi un\u2019esplicita tensione all\u2019insegnamento di abilit\u00e0 e offrire l\u2019opportunit\u00e0 di esercitare le abilit\u00e0 possedute.<br \/>\nAutodeterminazione: poter prendere delle decisioni, operare delle scelte e il vedere rispettate le proprie decisioni.<\/p>\n<p style=\"text-align: left;\">Inclusione sociale: partecipazione attiva all\u2019interno del territorio di appartenenza<br \/>\nRelazioni interpersonali: i rapporti che la persona con disabilit\u00e0 ha con la famiglia, gli amici, le persone conosciute e riconosciute significative per lei.<\/p>\n<p style=\"text-align: left;\">Il Progetto di vita non pu\u00f2 prescindere dall\u2019attivazione di un piano dei sostegni, PRI(Progetto Riabilitativo Individuale), steso e verificato periodicamente dall\u2019equipe multidisciplinare , che prevede, in ciascuno dei domini della qualit\u00e0 di vita sopra riportati, degli specifici obiettivi che hanno la caratteristica di essere osservabili e verificabili e devono dare evidenza dei sostegni, delle azioni e delle attivit\u00e0 che il personale eroga o garantisce per la qualit\u00e0 di vita della persona con disabilit\u00e0.<\/p>\n<p style=\"text-align: center;\">\n<strong>MISSION<\/strong><\/p>\n<p style=\"text-align: left;\">\nL\u2019I.S.A.H. svolge attivit\u00e0 sanitarie riabilitative, socio-sanitarie, assistenziali ed educative, in favore di soggetti portatori di handicap fisici, psichici e sensoriali, in ottemperanza e in coerenza alle vigenti disposizioni legislative nazionale e regionali, nonch\u00e9 alle linee guida ministeriali in materia di riabilitazione.<br \/>\nL\u2019I.S.A.H \u00e8 inserito all\u2019interno della rete dei servizi di riabilitazione ed opera in modo sinergico con gli altri attori del territorio, con l\u2019obiettivo condiviso di porre in essere interventi di assistenza riabilitativa all\u2019interno dei livelli uniformi di assistenza previsti dal Piano Sanitario Nazionale(PSN) e dal Piano Sanitario Regionale(PSR), adottando quale riferimento un modello di percorso integrato socio-sanitario.<br \/>\nLa missione \u00e8 quella di offrire competenze e servizi integrati finalizzati al recupero della persona nei suoi aspetti funzionali, fisici, cognitivi e psicologici, nonch\u00e9 tutelare e migliorare la qualit\u00e0 di vita delle persone con disabilit\u00e0 e delle loro famiglie.<br \/>\nSi concretizza attraverso la proposta, nell\u2019ambito dei progetti riabilitativi di struttura, di programmi su base individuale che siano in grado di rispondere nel modo pi\u00f9 efficace possibile ai bisogni del singolo paziente.<br \/>\nI programmi vengono attuati con un approccio globale , che tenga conto della persona in quanto tale e non solo delle sue funzioni compromesse.<br \/>\nL\u2019impegno \u00e8 quello di un lavoro di equipe multidisciplinare che si muove all\u2019interno di modelli clinici e riferimenti scientifici consolidati.<br \/>\nI modelli organizzativi, le politiche del personale, le modifiche strutturali e ambientali, le metodologie cliniche adottate, basate sull\u2019evidenza scientifica sono tutti strumenti utilizzati per costruire un adeguato progetto di vita orientato alla Quality of Line.<br \/>\nLa Mission della Fondazione ISAH \u00e8 anche quella di proporre percorsi formativi attraverso<br \/>\nTirocini pratico valutativi in convenzione con numerose Universit\u00e0 Italiane, con la ASL del territorio, nonch\u00e9 con le Scuole Secondarie di Secondo Grado attraverso inserimento di alunni nei progetti Alternanza Scuola Lavoro<\/p>\n<p style=\"text-align: center;\">\n<strong>Residenza Protetta per Anziani e RSA Disabili<\/strong><\/p>\n<p style=\"text-align: center;\"><strong>VISION<\/strong><\/p>\n<p style=\"text-align: left;\">Realizzare interventi che garantiscano la qualit\u00e0 di vita degli ospiti nel rispetto dell\u2019autonomia individuale permettendo loro di mantenere le proprie capacit\u00e0 residue, cercando di superare con dignit\u00e0 le problematiche e le patologie siano esse croniche o acquisite.<\/p>\n<p style=\"text-align: left;\">Si vuole garantire, nel rispetto dell\u2019individualit\u00e0, della riservatezza e della dignit\u00e0 della persona, una qualit\u00e0 di vita il pi\u00f9 possibile elevata all\u2019ospite anziano e disabile adulto, autonomo o meno, nell\u2019ambito delle sue capacit\u00e0 residue, considerandone i peculiari bisogni psichici- fisici, affermandone il ruolo sociale anche se collocato all\u2019interno di un servizio residenziale<br \/>\nL\u2019obiettivo \u00e8 quello di erogare un\u2019assistenza qualificata e continuativa, in stretta collaborazione con i caregiver e i servizi del territorio, per agevolare la socializzazione degli ospiti, aiutandoli a mantenere un contatto con l\u2019ambiente esterno e con la comunit\u00e0 di origine.<br \/>\nL\u2019organizzazione del lavoro deve essere centrata sull\u2019Ospite, persona in grado di esprimere desideri e opinioni, in possesso di capacit\u00e0 e potenzialit\u00e0. Il metodo di lavoro si concretizza cos\u00ec nella progettazione individualizzata dei servizi assistenziali e sanitari, supportata dalla valutazione e dal contributo di tutte le figure professionali .<br \/>\nIl contatto diretto con l\u2019Ospite \u00e8 imprescindibile. L\u2019osservazione, il dialogo, la vicinanza permettono di individuare esigenze e necessita,nonch\u00e9 di intervenire tempestivamente nell\u2019insorgere di problematiche.<br \/>\nIl riconoscimento dell\u2019importanza della competenza,garantita attraverso la formazione costante del personale, \u00e8 strumento essenziale per la tutela e il benessere dell\u2019Ospite<br \/>\nMISSION<br \/>\nFondazione I.S.A.H svolge la su attivit\u00e0 in favore di anziani e disabili adulti in ottemperanza e in coerenza con le vigenti disposizioni legislative nazionali e regionali.<\/p>\n<p style=\"text-align: left;\">La missione \u00e8 quella di garantire un miglioramento continuo del servizio per meglio rispondere alle esigenze degli ospiti e alle loro necessit\u00e0 favorendone la qualit\u00e0 di vita.<\/p>\n<p style=\"text-align: left;\">\nLa mission si concretizza garantendo :<br \/>\n&#8211; un elevato livello assistenziale e sanitario, risultato dalla formazione continua del personale al fine di creare interventi personalizzati volti a rispondere ai bisogni del singolo Ospite: ovvero attraverso la stesura di PAI(piani Assistenziali Individuali)redatti da una equipe di professionisti e realizzati ad hoc per ogni Ospite<br \/>\n&#8211; la promozione del benessere psico-fisico<br \/>\n&#8211; Il mantenimento dei rapporti famigliari ed amicali<br \/>\n&#8211; la creazione di un ambiente di vita sereno indirizzato al rispetto dei bisogni e alla prevenzione di stati di disagio<br \/>\n&#8211; il favorire occasioni di incontro e di festa con il tessuto sociale del territorio<br \/>\n&#8211; il riconoscimento del valore del volontariato, promuovendone l\u2019apporto e integrandolo nei propri programmi di intervento al fine di assicurare prestazioni armonizzate con quelle del servizio<\/p>\n<\/div>\n<\/div>\n<div class=\"my_cerca\">\n<div align=\"center\">\n<p style=\"text-align: left;\">Revisione approvata Consiglio di Amministrazione in data 02-03-2026<\/p>\n<\/div>\n<\/div>\n<\/div>\n<div class=\"post-meta\">Ultima Modifica: 31\/03\/26<\/div>","protected":false},"excerpt":{"rendered":"<p>VALORI DELLA FONDAZIONE I.S.A.H. Centro di Riabilitazione Polivalente e Casa di Riposo San Giuseppe I valori cardini su cui si fonda l\u2019attivit\u00e0 dell\u2019I.S.A.H. si basano sul principio che il soggetto fragile non coincide con il suo disagio ma deve essere riconosciuto come persona. I valori della fondazione I.S.A.H si fondano \u2026 <a class=\"continue-reading-link\" href=\"https:\/\/www.centroisah.it\/?page_id=54\">continua a leggere <span class=\"meta-nav\">&rarr; <\/span><\/a><\/p>\n","protected":false},"author":1,"featured_media":0,"parent":0,"menu_order":0,"comment_status":"closed","ping_status":"closed","template":"","meta":{"jetpack_post_was_ever_published":false,"footnotes":""},"class_list":["post-54","page","type-page","status-publish","hentry"],"jetpack_sharing_enabled":true,"jetpack_shortlink":"https:\/\/wp.me\/P6JrrM-S","jetpack-related-posts":[],"jetpack_likes_enabled":true,"_links":{"self":[{"href":"https:\/\/www.centroisah.it\/index.php?rest_route=\/wp\/v2\/pages\/54","targetHints":{"allow":["GET"]}}],"collection":[{"href":"https:\/\/www.centroisah.it\/index.php?rest_route=\/wp\/v2\/pages"}],"about":[{"href":"https:\/\/www.centroisah.it\/index.php?rest_route=\/wp\/v2\/types\/page"}],"author":[{"embeddable":true,"href":"https:\/\/www.centroisah.it\/index.php?rest_route=\/wp\/v2\/users\/1"}],"replies":[{"embeddable":true,"href":"https:\/\/www.centroisah.it\/index.php?rest_route=%2Fwp%2Fv2%2Fcomments&post=54"}],"version-history":[{"count":9,"href":"https:\/\/www.centroisah.it\/index.php?rest_route=\/wp\/v2\/pages\/54\/revisions"}],"predecessor-version":[{"id":1983,"href":"https:\/\/www.centroisah.it\/index.php?rest_route=\/wp\/v2\/pages\/54\/revisions\/1983"}],"wp:attachment":[{"href":"https:\/\/www.centroisah.it\/index.php?rest_route=%2Fwp%2Fv2%2Fmedia&parent=54"}],"curies":[{"name":"wp","href":"https:\/\/api.w.org\/{rel}","templated":true}]}}