{"id":46,"date":"2015-02-24T15:04:04","date_gmt":"2015-02-24T15:04:04","guid":{"rendered":"http:\/\/new.centroisah.it\/?page_id=46"},"modified":"2022-01-11T10:06:45","modified_gmt":"2022-01-11T09:06:45","slug":"storia","status":"publish","type":"page","link":"https:\/\/www.centroisah.it\/?page_id=46","title":{"rendered":"Storia"},"content":{"rendered":"<div class=\"my_text_sezione\">\n<div class=\"my_cerca\">\n<p><strong>Storia dell&#8217;ente<br \/>\n<\/strong><br \/>\nL\u2019I.S.A.H. Centro di riabilitazione polivalente e Casa di riposo San Giuseppe \u00e8 una Fondazione (Ente senza finalit\u00e0 di lucro iscritto nel Registro Regionale della Ligura delle Persone Giuridiche Private al n. 737 ) costituita ,il 29 ottobre 2019\u00a0 a seguito di quanto disposto dalla Giunta della Regione Liguria con propria deliberaione n. 885 in pari data,\u00a0 dalla trasformazione della natura giuridica dell&#8217; Azienda Pubblica di Servizi alla persona (Ente di diritto Pubblico), ai sensi della L.R. Liguria 33\/2014, che a sua volta era\u00a0 sorta dalla fusione delle preesistenti I.P.A.B. l\u2019 I.S.A.H. centro di riabilitazione polivalente (nato nel 1853 come Istituto dei Sordomuti)\u00a0 con sede ad Imperia in piazza G.B. De Negri 4 e la Casa di Riposo San Giuseppe con sede a Dolcedo in piazza Airenti.<br \/>\nCoerentemente con le disposizioni dell\u2019art. 10 della legge 328\/2000, il decreto legislativo 207\/2001 e il Regolamento emanato dalla Regione Liguria n. 6 del 18 marzo 2003 i consigli di amministrazione delle originarie II.PP.AA.BB. hanno deliberato in data 22\/10\/2003 con verbale n. 49 dell\u2019ISAH centro di riabilitazione polivalente e in data 20\/10\/2003 con verbale n. 72 della Casa di Riposo San Giuseppe la fusione tra enti e la contestuale trasformazione in Azienda Pubblica di Servizi alla Persona.<br \/>\nSuccessivamente la Regione Liguria con propria deliberazione di Giunta n. 1751 in data 22\/12\/2003 ha preso atto della fusione dei due enti sancendo di fatto la costituzione della nuova Azienda Pubblica di Servizi alla Persona denominata \u201cISAH Centro di riabilitazione polivalente e Casa di Riposo san Giuseppe\u201d.<\/p>\n<p>Con l&#8217;emanazione della Legge Regionale della Liguria n. 33 del 2019 viene riconosciuta, tra l altro, la possibilit\u00e0 per le Aziende Pubbliche di Servizi alla Persona di trasformarsi in Fondazioni acquisendo pertanto la Natura Giuridica privata pertanto dopo un approfondito\u00a0 studio\u00a0slle opportunit\u00e0 derivanti da tale trasformazione, il Consiglio di Amministrazione dell&#8217;A.P.S.P. il 6 maggio 2019 con Rogito notaio Franco Amadeo ha deliberato di procedere alla suddetta trasformazione, mantenedo peraltro inaltreate le finalit\u00e0 istituzionali-<br \/>\nLa Fondazione non ha fini di lucro, ha personalit\u00e0 giuridica di diritto privato , autonomia statutaria, patrimoniale, contabile, gestionale, tecnica, opera con criteri imprenditoriali.<br \/>\nGli scopi istituzionali della Fondazione , in conformit\u00e0 a quanto previsto dalle tavole di fondazione ed adeguati alle finalit\u00e0 del decreto legislativo 207\/2001 (Riordinamento del sistema delle Istituzioni Pubbliche di Assistenza e Beneficenza, a norma dell\u2019art.10 della L. 8.11.2000, n. 328) della L. R. Liguria 33 del 2014 , sono:<\/p>\n<ul>\n<li>La Fondazione non ha scopo di lucro e persegue finalit\u00e0 di solidariet\u00e0 sociale, offrendo interventi e prestazioni sanitarie, socio-sanitarie e sociali nei confronti di persone anziane e disabili, con particolare attenzione alla non autosufficienza.<\/li>\n<li>La Fondazione realizza forme di prevenzione, cura e riabilitazione sanitaria ed integrazione sociale per portatori di disabilit\u00e0 psichiche, fisiche e\/o sensoriali, disturbati psichici e minori a rischio. A tal fine effettua prestazioni sanitarie e riabilitative, sociali, assistenziali ed assicura, con servizi residenziali, ai casi di inadeguatezza familiare grave, anche soluzioni abitative ad impronta familiare, alternative a forme istituzionali tradizionali. La Fondazione gestisce strutture per anziani, sia residenziali che diurne, nonch\u00e9 svolge attivit\u00e0 domiciliari a favore degli stessi.<\/li>\n<li>La Fondazione provvede all\u2019inserimento scolastico degli utenti in et\u00e0 scolare nelle scuole pubbliche e\/o private parificate.<\/li>\n<li>La Fondazione promuove ed attiva situazioni di formazione professionale e di inserimento lavorativo per gli utenti del Centro di Riabilitazione tenuto conto delle specifiche situazioni degli stessi. Nell&#8217;avviamento alla formazione professionale ed al lavoro si tiene conto, in quanto sia possibile, delle loro tendenze ed attitudini.<\/li>\n<li>La Fondazione presta la necessaria assistenza alle persone bisognose senza distinzione di nazionalit\u00e0, cultura, razza, religione, sesso, censo, condizione sociale e politica; sosterr\u00e0, nei limiti delle risorse disponibili, situazioni personali effettivamente marginali e disagiate anche sotto l\u2019aspetto del bisogno economico.<\/li>\n<\/ul>\n<ul>\n<li>La Fondazione adempie alle proprie finalit\u00e0 prevalentemente istituendo e gestendo servizi sociali, socio sanitari e sanitari di natura domiciliare, territoriale, residenziale e ambulatoriale per la tutela delle persone svantaggiate oggetto del proprio scopo istituzionale.<\/li>\n<li>La Fondazione, nell\u2019adempimento dei propri scopi istituzionali, pu\u00f2 cooperare con Enti pubblici e privati e sottoscrivere convenzioni che ne regolamentino i rapporti, oltre a partecipare alla costituzione di soggetti, sia pubblici che privati, avendo analoghi scopi e alla gestione delle conseguenti attivit\u00e0.<\/li>\n<li>La Fondazione garantisce agli utenti il pieno rispetto della dignit\u00e0 e della riservatezza personale. All\u2019interno dei servizi socio-sanitari residenziali \u00e8 garantita l\u2019assistenza religiosa secondo le modalit\u00e0 da concordare, per i cattolici, con l\u2019Ordinario Diocesano. Per le altre fedi religiose si rimanda alla Carta dei Diritti, da adottarsi con apposito regolamento.<\/li>\n<li>La Fondazione promuove la ricerca scientifica di particolare interesse sociale e svolge attivit\u00e0 di formazione sulle tematiche della disabilit\u00e0 e della non autosufficienza.<\/li>\n<li>Pu\u00f2 partecipare ad associazioni, enti ed istituzioni, pubbliche e private, la cui attivit\u00e0 sia rivolta, direttamente od indirettamente, al perseguimento di scopi analoghi a quelli della fondazione medesima; la fondazione potr\u00e0, ove lo ritenga opportuno, concorrere anche alla costituzione degli organismi anzidetti;<\/li>\n<li>La Fondazione promuove ed organizza manifestazioni, convegni, incontri, procedendo alla pubblicazione dei relativi atti o documenti, e tutte quelle iniziative ed eventi idonei a favorire un organico contatto tra la fondazione, gli operatori dei settori della sua attivit\u00e0 ed il pubblico;<\/li>\n<li>Pu\u00f2 svolgere ovvero coordinare progetti di studio e ricerca, attivit\u00e0 di documentazione nonch\u00e9 di formazione, corsi e seminari attinenti, direttamente od indirettamente, ai settori di interesse della fondazione;<\/li>\n<li>La Fondazione pu\u00f2 inoltre svolgere attivit\u00e0 di raccolta fondi, in forma organizzata e continuativa, nel rispetto dei principi di verit\u00e0, trasparenza e correttezza nei rapporti con i sostenitori e il pubblico, ed in conformit\u00e0 a linee guida adottate con decreto del Ministro del lavoro e delle politiche sociali.<\/li>\n<li>La Fondazione pu\u00f2 inoltre svolgere tutte le attivit\u00e0 connesse o accessorie a quelle statutarie in quan-to strumentali alle stesse, purch\u00e9 non incompatibili con la sua natura di Fondazione e realizzate nei limiti consentiti dalla legge. Non \u00e8 consentito svolgere attivit\u00e0 diverse da quelle istituzionali.<\/li>\n<\/ul>\n<p><strong>Storia dell&#8217;ISAH e dell&#8217;Istituto Sordomuti<\/strong><\/p>\n<p>L&#8217;Istituto Sordomuti di Oneglia venne fondato dal Padre Scolopio Giovanni Battista De Negri che inizi\u00f2 la sua attivit\u00e0 di educatore nel 1853. Per l&#8217;esordio furono fondamentali gli apporti economici del Comune di Oneglia, dei Comuni limitrofi, dell&#8217;ospedale della Carit\u00e0 e la generosit\u00e0 di cittadini privati.<br \/>\nDopo essere stati ospiti del collegio cittadino di piazza Ulisse calvi, nel 1892 avvenne il trasferimento definitivo nei nuovi locali. Nel medesimo anno, grazie alla donazione di 5003 da parte del signor Francesco Verda, l&#8217;istituto venne aperto anche alle allieve di sesso femminile.<br \/>\nUn aspetto che non fu mai trascurato fu l&#8217;inserimento del giovane nella societ\u00e0, si decise perci\u00f2 accanto al corso di studi elementari, di istituire una serie di laboratori dove si insegnavano tecniche di agricoltura, falegnameria, sartoria, ricamo, maglieria. Il personale religioso venne affiancato da quello di docenti specializzati secondo la migliore tradizione dell&#8217;istituto.<br \/>\nAlla fine degli anni ottanta del &#8216;900, scaduto l&#8217;accordo con le Suore della Misericordia di Savona, il Consiglio di amministrazione, formato da esperti, decise di aprire le porte dell&#8217;istituto a ragazzi portatori di altri Handicap, trasformandosi in Centro di Riabilitazione polivalente.<br \/>\nNel 1995 l&#8217;Ente ha assunto l&#8217;attuale denominazione.<\/p>\n<p><strong>Storia della Residenza Protetta di Dolcedo<\/strong><\/p>\n<p><em>Vedi la sezione Area Anziani.<\/em><\/p>\n<p><em><img data-recalc-dims=\"1\" loading=\"lazy\" decoding=\"async\" title=\"16_400\" src=\"https:\/\/i0.wp.com\/www.centroisah.it\/upload\/16_400.jpg?resize=400%2C295\" alt=\"16_400\" width=\"400\" height=\"295\" \/><\/em><\/p>\n<p><em><img data-recalc-dims=\"1\" loading=\"lazy\" decoding=\"async\" title=\"17_400\" src=\"https:\/\/i0.wp.com\/www.centroisah.it\/upload\/17_400.jpg?resize=400%2C233\" alt=\"17_400\" width=\"400\" height=\"233\" \/><\/em><\/p>\n<p><em><img data-recalc-dims=\"1\" loading=\"lazy\" decoding=\"async\" title=\"25_400\" src=\"https:\/\/i0.wp.com\/www.centroisah.it\/upload\/25_400.jpg?resize=264%2C400\" alt=\"25_400\" width=\"264\" height=\"400\" \/><\/em><\/p>\n<p><em><img data-recalc-dims=\"1\" loading=\"lazy\" decoding=\"async\" title=\"27_400\" src=\"https:\/\/i0.wp.com\/www.centroisah.it\/upload\/27_400.jpg?resize=400%2C303\" alt=\"27_400\" width=\"400\" height=\"303\" \/><\/em><\/p>\n<p><em><img data-recalc-dims=\"1\" loading=\"lazy\" decoding=\"async\" title=\"31_400\" src=\"https:\/\/i0.wp.com\/www.centroisah.it\/upload\/31_400.jpg?resize=400%2C299\" alt=\"31_400\" width=\"400\" height=\"299\" \/><\/em><\/p>\n<p><em><img data-recalc-dims=\"1\" loading=\"lazy\" decoding=\"async\" title=\"28_400\" src=\"https:\/\/i0.wp.com\/www.centroisah.it\/upload\/28_400.jpg?resize=400%2C295\" alt=\"28_400\" width=\"400\" height=\"295\" \/><\/em><\/p>\n<p><em><img data-recalc-dims=\"1\" loading=\"lazy\" decoding=\"async\" title=\"11_400_01\" src=\"https:\/\/i0.wp.com\/www.centroisah.it\/upload\/11_400_01.jpg?resize=400%2C329\" alt=\"11_400_01\" width=\"400\" height=\"329\" \/><\/em><\/p>\n<\/div>\n<p><small>Ultima revisione: 21\/07\/2011 11:38:10<\/small><\/p>\n<\/div>\n<div class=\"post-meta\">Ultima Modifica: 11\/01\/22<\/div>","protected":false},"excerpt":{"rendered":"<p>Storia dell&#8217;ente L\u2019I.S.A.H. Centro di riabilitazione polivalente e Casa di riposo San Giuseppe \u00e8 una Fondazione (Ente senza finalit\u00e0 di lucro iscritto nel Registro Regionale della Ligura delle Persone Giuridiche Private al n. 737 ) costituita ,il 29 ottobre 2019\u00a0 a seguito di quanto disposto dalla Giunta della Regione Liguria \u2026 <a class=\"continue-reading-link\" href=\"https:\/\/www.centroisah.it\/?page_id=46\">continua a leggere <span class=\"meta-nav\">&rarr; <\/span><\/a><\/p>\n","protected":false},"author":1,"featured_media":0,"parent":0,"menu_order":0,"comment_status":"closed","ping_status":"closed","template":"","meta":{"jetpack_post_was_ever_published":false,"footnotes":""},"class_list":["post-46","page","type-page","status-publish","hentry"],"jetpack_sharing_enabled":true,"jetpack_shortlink":"https:\/\/wp.me\/P6JrrM-K","jetpack-related-posts":[],"jetpack_likes_enabled":true,"_links":{"self":[{"href":"https:\/\/www.centroisah.it\/index.php?rest_route=\/wp\/v2\/pages\/46","targetHints":{"allow":["GET"]}}],"collection":[{"href":"https:\/\/www.centroisah.it\/index.php?rest_route=\/wp\/v2\/pages"}],"about":[{"href":"https:\/\/www.centroisah.it\/index.php?rest_route=\/wp\/v2\/types\/page"}],"author":[{"embeddable":true,"href":"https:\/\/www.centroisah.it\/index.php?rest_route=\/wp\/v2\/users\/1"}],"replies":[{"embeddable":true,"href":"https:\/\/www.centroisah.it\/index.php?rest_route=%2Fwp%2Fv2%2Fcomments&post=46"}],"version-history":[{"count":5,"href":"https:\/\/www.centroisah.it\/index.php?rest_route=\/wp\/v2\/pages\/46\/revisions"}],"predecessor-version":[{"id":1107,"href":"https:\/\/www.centroisah.it\/index.php?rest_route=\/wp\/v2\/pages\/46\/revisions\/1107"}],"wp:attachment":[{"href":"https:\/\/www.centroisah.it\/index.php?rest_route=%2Fwp%2Fv2%2Fmedia&parent=46"}],"curies":[{"name":"wp","href":"https:\/\/api.w.org\/{rel}","templated":true}]}}