{"id":382,"date":"2016-06-07T09:53:27","date_gmt":"2016-06-07T09:53:27","guid":{"rendered":"http:\/\/new.centroisah.it\/?page_id=382"},"modified":"2022-08-23T16:31:12","modified_gmt":"2022-08-23T14:31:12","slug":"settore-residenziale-villa-galeazza","status":"publish","type":"page","link":"https:\/\/www.centroisah.it\/?page_id=382","title":{"rendered":"Settore residenziale"},"content":{"rendered":"\n<p>Il Servizio residenziale nasce dalla filosofia dell&#8217; ISAH che ritiene fondamentale il passaggio da una concezione di &#8220;residenzialit\u00e0 assistita&#8221;, tipica delle grandi istituzioni, a una concezione di &#8220;residenzialit\u00e0 partecipata&#8221;, avviata con modalit\u00e0 diverse e nel rispetto delle esigenze dei soggetti accolti, nelle strutture di &#8221; Villa Galeazza&#8221; e di Casa Isah in Via De Sonnaz.<\/p>\n\n\n\n<p>Il Programma Riabilitativo a regime residenziale ha quindi elementi di familiarit\u00e0 e socialit\u00e0, in quanto per ciascun ragazzo \u00e8 importante e motivante poter discernere il luogo in cui lavora ed imparare dall&#8217;ambiente in cui vive il resto della giornata, sviluppando in maniera particolare tutti gli aspetti relativi alla propria autonomia ed alla gestione del tempo libero.<\/p>\n\n\n\n<p>Proprio per far si che ci sia una netta distinzione tra luogo di attivit\u00e0 e casa il Centro di P.tta De Negri \u00e8 il fulcro dell&#8217;Attivit\u00e0 Riabilitativa.<\/p>\n\n\n\n<p>Qui vengono svolti i trattamenti specifici sia per gli utenti inseriti a ciclo diurno, sia residenziale ( nella fascia 09.00-16.00), sia ambulatoriale.<\/p>\n\n\n\n<p>Pertanto, anche per l&#8217;utente Residenziale, il percorso Riabilitativo coinvolge i destinatari in una logica organizzata di gruppo rispetto alle capacit\u00e0\/potenzialit\u00e0 del singolo e alle valutazioni preliminari effettuate dal Team Multiprofessionale<\/p>\n\n\n\n<p><strong>Ospitalit\u00e0<\/strong><\/p>\n\n\n\n<p>Il presidio dispone di due unit\u00e0 residenziali dislocate sul territorio imperiese:<\/p>\n\n\n\n<p>\u2022 Unit\u00e0 Villa Galeazza, con capacit\u00e0 ricettiva di 35 posti letto<\/p>\n\n\n\n<p>\u2022 Unit\u00e0 Casa Isah, con capacit\u00e0 ricettiva di 11 posti letto.<\/p>\n\n\n\n<p>\u00c9 prevista la disponibilit\u00e0 di \u201cricoveri di sollievo\u201d, previo accordo con l\u2019ASL competente<\/p>\n\n\n\n<p><strong>Camere di degenza<\/strong><\/p>\n\n\n\n<p>Le diverse sedi residenziali ospitano camere da una, due, tre e quattro letti, arredate con materiali conformi alle vigenti normative, con servizi igienici in collegamento diretto con la stanza. Ogni ospite pu\u00f2 portare piccoli oggetti di arredamento per personalizzare il proprio spazio.<\/p>\n\n\n\n<p><strong>Orario visite e uscite<\/strong><\/p>\n\n\n\n<p>I familiari hanno, in caso di necessit\u00e0, libero accesso alla struttura compatibilmente con le esigenze di riabilitazione, cura e assistenza.<\/p>\n\n\n\n<p>L\u2019accesso al Centro prevede una visita specialistica iniziale, neuropsichiatrica.<\/p>\n\n\n\n<p>In detta sede:<\/p>\n\n\n\n<p>1) viene formulata un\u2019ipotesi diagnostica o convalidata la diagnosi clinica preesistente;<\/p>\n\n\n\n<p>2) viene fatta richiesta di aggiornamento clinico-strumentale qualora se ne<\/p>\n\n\n\n<p>verificasse la necessit\u00e0;<\/p>\n\n\n\n<p>3) viene formulato un progetto di osservazione\/valutazione.<\/p>\n\n\n\n<p>Se il soggetto (bambino o giovane adulto) necessita di un intervento riabilitativo o di ulteriori approfondimenti diagnostici, l\u2019\u00e9quipe medico- psicopedagogica formula un&#8217; ipotesi di progetto individuale che viene discusso e autorizzato in sede di UVDM (Unit\u00e0 Valutativa Multidisciplinare Distrettuale) dall&#8217; Asl Competente e condiviso con la famiglia.<\/p>\n\n\n\n<p>In caso di assenza di posti disponibili, l&#8217;utente viene posto&nbsp; in lista d&#8217;attesa.<\/p>\n\n\n\n<p>La data e le modalit\u00e0 di inserimento vengono concordate con la Direzione Medica e con il responsabile del servizio di riferimento.<\/p>\n\n\n\n<p>Le rette giornaliere o del singolo trattamento ambulatoriale sono definite dal Consiglio di Amministrazione dell\u2019ISAH.<\/p>\n\n\n\n<ul class=\"wp-block-list\"><li>Ad oggi \u00e8 applicata la tariffa nel tempo prevista dalla Regione Liguria riconosciuta alle strutture accreditate SSN gi\u00e0 convenzionate ex art. 26 L. 833\/78&nbsp;&nbsp;<\/li><\/ul>\n\n\n\n<p>Per Informazioni e appuntamenti:<\/p>\n\n\n\n<p>Piazza G. B. De Negri n. 4 18100 IMPERIA<br>Tel +39.0183.293.522&nbsp; mail: <a href=\"mailto:info@centroisah.it\">info@centroisah.it<\/a>    <\/p>\n\n\n\n<h1 class=\"wp-block-heading\"><strong>Unit\u00e0 VILLA GALEAZZA, con capacit\u00e0 ricettiva di 35 posti letto<\/strong><\/h1>\n\n\n<div class=\"my_cerca\">\n<p><img data-recalc-dims=\"1\" decoding=\"async\" src=\"https:\/\/i0.wp.com\/www.centroisah.it\/images\/isah\/villa%20galeazza4.jpg?w=500\" alt=\"Villa Galeazza\" \/><\/p>\n<p>&#8220;La Galeazza&#8221;, struttura a 4 moduli abitativi distribuiti sui diversi piani, \u00e8 caratterizzata da una ambientazione suggestiva, all&#8217;interno di un parco sul mare, dove si svoglono anche attivit\u00e0 di ergoterapia, ortoterapia e pet-therapy.<\/p>\n<p><img data-recalc-dims=\"1\" loading=\"lazy\" decoding=\"async\" title=\"galeazza_400\" src=\"https:\/\/i0.wp.com\/www.centroisah.it\/upload\/galeazza_400.jpg?resize=400%2C300\" alt=\"galeazza_400\" width=\"400\" height=\"300\" \/><\/p>\n<p><img data-recalc-dims=\"1\" loading=\"lazy\" decoding=\"async\" title=\"villacamera\" src=\"https:\/\/i0.wp.com\/www.centroisah.it\/upload\/villacamera.jpg?resize=280%2C210\" alt=\"villacamera\" width=\"280\" height=\"210\" \/><\/p>\n<\/div>\n<p><span class=\"Apple-style-span\">\u00a0\u00a0<\/span><\/p>\n\n\n<h1 class=\"wp-block-heading\"><strong>Unit\u00e0 CASA ISAH , con capacit\u00e0 ricettiva di 11 posti letto<\/strong><\/h1>\n\n\n\n<p>Casa Isah, comunit\u00e0 sita in appartamenti nel centro di Imperia Oneglia in via de Sonnaz, dove alloggiano i ragazzi ospiti dell\u2019Isah.<\/p>\n\n\n\n<figure class=\"wp-block-image\"><img decoding=\"async\" src=\"https:\/\/i0.wp.com\/www.centroisah.it\/images\/isah\/casa%20isah.jpg?w=500\" alt=\"Foto ISAH\"\/><\/figure>\n\n\n\n<p>In queste unit\u00e0 si perseguono obiettivi che vanno dal raggiungimento e mantenimento di autonomie personali e sociali all\u2019inserimento lavorativo, all\u2019integrazione sociale degli utenti stessi. Si lavora inoltre sull\u2019ambiente, perch\u00e9 possa risultare accogliente e personalizzato, ricco di relazioni sia con i coetanei che con gli operatori, in modo da favorire l\u2019inserimento del ragazzo, che viene a trovarsi al di fuori del nucleo famigliare. Il benessere psicofisico risulta fondamentale anche per creare le condizioni favorevoli agli apprendimenti.<\/p>\n\n\n\n<figure class=\"wp-block-image\"><img decoding=\"async\" src=\"https:\/\/i0.wp.com\/www.centroisah.it\/upload\/gruppo_di_ergoterapia_400.jpg?resize=400%2C400\" alt=\"gruppo_di_ergoterapia_400\" title=\"gruppo_di_ergoterapia_400\"\/><\/figure>\n\n\n\n<p>Casa Isah \u00e8 il modulo residenziale per ragazzi adulti autonomi e semiautonomi. I ragazzi svolgono numerose attivit\u00e0 all\u2019esterno quali piscina (nuoto e corso di pallanuoto), corso di informatica, corso di musica e partecipazione alle esibizioni nella banda musicale cittadina<\/p>\n\n\n\n<p>Vengono inoltre proposti laboratori di ergoterapia, terapia occupazionale, falegnameria, oltre alle tradizionali attivit\u00e0 riabilitative (fisioterapia, logopedia, psicomotricit\u00e0).<\/p>\n<div class=\"post-meta\">Ultima Modifica: 23\/08\/22<\/div>","protected":false},"excerpt":{"rendered":"<p>Il Servizio residenziale nasce dalla filosofia dell&#8217; ISAH che ritiene fondamentale il passaggio da una concezione di &#8220;residenzialit\u00e0 assistita&#8221;, tipica delle grandi istituzioni, a una concezione di &#8220;residenzialit\u00e0 partecipata&#8221;, avviata con modalit\u00e0 diverse e nel rispetto delle esigenze dei soggetti accolti, nelle strutture di &#8221; Villa Galeazza&#8221; e di Casa \u2026 <a class=\"continue-reading-link\" href=\"https:\/\/www.centroisah.it\/?page_id=382\">continua a leggere <span class=\"meta-nav\">&rarr; <\/span><\/a><\/p>\n","protected":false},"author":2,"featured_media":0,"parent":0,"menu_order":0,"comment_status":"closed","ping_status":"closed","template":"","meta":{"jetpack_post_was_ever_published":false,"footnotes":""},"class_list":["post-382","page","type-page","status-publish","hentry"],"jetpack_sharing_enabled":true,"jetpack_shortlink":"https:\/\/wp.me\/P6JrrM-6a","jetpack-related-posts":[],"jetpack_likes_enabled":true,"_links":{"self":[{"href":"https:\/\/www.centroisah.it\/index.php?rest_route=\/wp\/v2\/pages\/382","targetHints":{"allow":["GET"]}}],"collection":[{"href":"https:\/\/www.centroisah.it\/index.php?rest_route=\/wp\/v2\/pages"}],"about":[{"href":"https:\/\/www.centroisah.it\/index.php?rest_route=\/wp\/v2\/types\/page"}],"author":[{"embeddable":true,"href":"https:\/\/www.centroisah.it\/index.php?rest_route=\/wp\/v2\/users\/2"}],"replies":[{"embeddable":true,"href":"https:\/\/www.centroisah.it\/index.php?rest_route=%2Fwp%2Fv2%2Fcomments&post=382"}],"version-history":[{"count":5,"href":"https:\/\/www.centroisah.it\/index.php?rest_route=\/wp\/v2\/pages\/382\/revisions"}],"predecessor-version":[{"id":1199,"href":"https:\/\/www.centroisah.it\/index.php?rest_route=\/wp\/v2\/pages\/382\/revisions\/1199"}],"wp:attachment":[{"href":"https:\/\/www.centroisah.it\/index.php?rest_route=%2Fwp%2Fv2%2Fmedia&parent=382"}],"curies":[{"name":"wp","href":"https:\/\/api.w.org\/{rel}","templated":true}]}}