{"id":229,"date":"2015-10-05T10:10:28","date_gmt":"2015-10-05T10:10:28","guid":{"rendered":"http:\/\/new.centroisah.it\/?page_id=229"},"modified":"2025-07-18T18:01:46","modified_gmt":"2025-07-18T16:01:46","slug":"ufficio-relazione-con-il-pubblico","status":"publish","type":"page","link":"https:\/\/www.centroisah.it\/?page_id=229","title":{"rendered":"Ufficio Relazione con il Pubblico"},"content":{"rendered":"<div class=\"my_cerca\">\n<p><strong>Responsabile<\/strong>: Luca De Felice<\/p>\n<p><strong>Telefono:\u00a0<\/strong>0183293522<\/p>\n<p><strong>Fax:\u00a0<\/strong>0183275445<\/p>\n<p><strong>E-mail<\/strong>:<a href=\"mailto:patrizia.rivello@libero.it\"> defelice.luca@centroisah.it <\/a><\/p>\n<p><strong>Orario:\u00a0<\/strong>Luned\u00ec \u2013 Venerd\u00ec 8.30-13.00 &#8211; Luned\u00ec &#8211; Mercoled\u00ec &#8211; Venerd\u00ec 15.30 &#8211; 18.30\u00a0<\/p>\n<p>Fornisce informazioni sulla struttura organizzativa dell\u2019ISAH, sull\u2019ubicazione\u00a0 e sulla tipologia dei servizi offerti, sull\u2019orario di apertura al pubblico e sulle loro pratiche e procedure.<\/p>\n<p>Garantisce l\u2019accesso agli atti, alle informazioni ed ai documenti\u00a0della Fondazione<\/p>\n<p>In particolare cura la rilevazione della qualit\u00e0 percepita degli utenti.<\/p>\n<p>Gestisce le relazioni con il pubblico \u2013 URP: accoglie le segnalazioni e osservazioni del pubblico, risponde al bisogno informativo e collabora per affrontare i disagi percepiti.<\/p>\n<p>Il servizio si pone come sede di ascolto delle proposte, delle esigenze e delle valutazioni dell\u2019utente per favorire un continuo scambio tra la struttura e i fruitori dei servizi, per migliorare , la qualit\u00e0 e la modalit\u00e0 di offerta degli stessi.<\/p>\n<\/div>\n<div class=\"my_cerca\"><img data-recalc-dims=\"1\" decoding=\"async\" title=\"-\" src=\"https:\/\/i0.wp.com\/www.centroisah.it\/images\/tri.png?w=500\" alt=\"-\" \/>\u00a0<span class=\"title\"><a href=\"http:\/\/www.centroisah.it\/index.php?p=element_list&amp;menu_id=8&amp;submenu_id=61\">PEC &#8211; Casella di posta elettronica certificata<\/a><\/span><\/div>\n\n\n<h2 class=\"wp-block-heading\">Reclami e Suggerimenti<\/h2>\n\n\n\n<p><a href=\"https:\/\/www.centroisah.it\/sistema\/wp-content\/uploads\/2022\/08\/MOD0802F000R00DEL160401-Scheda-per-il-Reclamo.pdf\"><strong>Scarica il modulo<\/strong><\/a><\/p>\n<div class=\"post-meta\">Ultima Modifica: 18\/07\/25<\/div>","protected":false},"excerpt":{"rendered":"<p>Responsabile: Luca De Felice Telefono:\u00a00183293522 Fax:\u00a00183275445 E-mail: defelice.luca@centroisah.it Orario:\u00a0Luned\u00ec \u2013 Venerd\u00ec 8.30-13.00 &#8211; Luned\u00ec &#8211; Mercoled\u00ec &#8211; Venerd\u00ec 15.30 &#8211; 18.30\u00a0 Fornisce informazioni sulla struttura organizzativa dell\u2019ISAH, sull\u2019ubicazione\u00a0 e sulla tipologia dei servizi offerti, sull\u2019orario di apertura al pubblico e sulle loro pratiche e procedure. Garantisce l\u2019accesso agli atti, alle \u2026 <a class=\"continue-reading-link\" href=\"https:\/\/www.centroisah.it\/?page_id=229\">continua a leggere <span class=\"meta-nav\">&rarr; <\/span><\/a><\/p>\n","protected":false},"author":2,"featured_media":0,"parent":0,"menu_order":0,"comment_status":"closed","ping_status":"closed","template":"","meta":{"jetpack_post_was_ever_published":false,"footnotes":""},"class_list":["post-229","page","type-page","status-publish","hentry"],"jetpack_sharing_enabled":true,"jetpack_shortlink":"https:\/\/wp.me\/P6JrrM-3H","jetpack-related-posts":[],"jetpack_likes_enabled":true,"_links":{"self":[{"href":"https:\/\/www.centroisah.it\/index.php?rest_route=\/wp\/v2\/pages\/229","targetHints":{"allow":["GET"]}}],"collection":[{"href":"https:\/\/www.centroisah.it\/index.php?rest_route=\/wp\/v2\/pages"}],"about":[{"href":"https:\/\/www.centroisah.it\/index.php?rest_route=\/wp\/v2\/types\/page"}],"author":[{"embeddable":true,"href":"https:\/\/www.centroisah.it\/index.php?rest_route=\/wp\/v2\/users\/2"}],"replies":[{"embeddable":true,"href":"https:\/\/www.centroisah.it\/index.php?rest_route=%2Fwp%2Fv2%2Fcomments&post=229"}],"version-history":[{"count":5,"href":"https:\/\/www.centroisah.it\/index.php?rest_route=\/wp\/v2\/pages\/229\/revisions"}],"predecessor-version":[{"id":1829,"href":"https:\/\/www.centroisah.it\/index.php?rest_route=\/wp\/v2\/pages\/229\/revisions\/1829"}],"wp:attachment":[{"href":"https:\/\/www.centroisah.it\/index.php?rest_route=%2Fwp%2Fv2%2Fmedia&parent=229"}],"curies":[{"name":"wp","href":"https:\/\/api.w.org\/{rel}","templated":true}]}}