{"id":202,"date":"2015-10-05T09:03:27","date_gmt":"2015-10-05T09:03:27","guid":{"rendered":"http:\/\/new.centroisah.it\/?page_id=202"},"modified":"2015-10-05T09:03:27","modified_gmt":"2015-10-05T09:03:27","slug":"atti-convegno-autismo-rimbocchiamoci-le-maniche-la-riabilitazione-attraverso-il-percorso-di-vita-imperia-29-11-2014","status":"publish","type":"page","link":"https:\/\/www.centroisah.it\/?page_id=202","title":{"rendered":"Atti Convegno  &#8220;Autismo rimbocchiamoci le maniche!. La Riabilitazione attraverso il percorso di vita Imperia 29-11-2014"},"content":{"rendered":"<div class=\"my_cerca\">\n<p>Di seguito gli interventi che si sono succediti al convegno di Imperia del 29 novembre 2014 alla presenza di 430 uditori<\/p>\n<\/div>\n<table class=\"files\">\n<thead>\n<tr class=\"row1\">\n<th class=\"elem1\">Nome<\/th>\n<th>Descrizione<\/th>\n<th>Scarica<\/th>\n<\/tr>\n<\/thead>\n<tbody>\n<tr class=\"row1\">\n<td class=\"cell1\">Intervento Keller Roberto<\/td>\n<td class=\"cell2\">La valutazione diagnostica in et\u00e0 adolescenziale &#8211; adulta nell&#8217;ottica della organizzazione del progetto abilitativo.<\/td>\n<td class=\"cell2\"><a class=\"_blank\" href=\"http:\/\/www.centroisah.it\/upload\/Keller%20Roberto.pdf\" target=\"_blank\">Scarica<\/a><\/td>\n<\/tr>\n<tr class=\"row1\">\n<td class=\"cell1\">Intervento Parodi Elena<\/td>\n<td class=\"cell2\">LA SPECIFICITA\u2019 DEI SERVIZI DIURNI E RESIDENZIALI RIABILITAZIONE, TEMPO LIBERO E SPORT NELLA PIANIFICAZIONE DEL PROGETTO DI VITA<\/td>\n<td class=\"cell2\"><a class=\"_blank\" href=\"http:\/\/www.centroisah.it\/upload\/Parodi%20Elena.pdf\" target=\"_blank\">Scarica<\/a><\/td>\n<\/tr>\n<tr class=\"row1\">\n<td class=\"cell1\">Intervento Veneselli Edvige<\/td>\n<td class=\"cell2\">Dalla diagnosi al trattamento abilitativo precoce<\/td>\n<td class=\"cell2\"><a class=\"_blank\" href=\"http:\/\/www.centroisah.it\/upload\/Veneselli%20Edvige.pdf\" target=\"_blank\">Scarica<\/a><\/td>\n<\/tr>\n<tr class=\"row1\">\n<td class=\"cell1\">Intervento Anfosso Silvia<\/td>\n<td class=\"cell2\">C&#8217;\u00e8 un nuovo amico nel banco. Organizzazione delle attivit\u00e0 e strategie didattiche.<\/td>\n<td class=\"cell2\"><a class=\"_blank\" href=\"http:\/\/www.centroisah.it\/upload\/Anfosso%20Silvia.pdf\" target=\"_blank\">Scarica<\/a><\/td>\n<\/tr>\n<tr class=\"row1\">\n<td class=\"cell1\">Intervento Mazzarelli Francesca<\/td>\n<td class=\"cell2\">Anch&#8217;io gioco. L&#8217;intervento neuropsicomotorio nei disturbi pervasivi dello sviluppo<\/td>\n<td class=\"cell2\"><a class=\"_blank\" href=\"http:\/\/www.centroisah.it\/upload\/Mazzarelli%20Francesca.pdf\" target=\"_blank\">Scarica<\/a><\/td>\n<\/tr>\n<tr class=\"row1\">\n<td class=\"cell1\">Intervento Cherchi Alice<\/td>\n<td class=\"cell2\">Libri che lasciano il segno. Progettare libri modificati<\/td>\n<td class=\"cell2\"><a class=\"_blank\" href=\"http:\/\/www.centroisah.it\/upload\/Cherchi%20Alice.pdf\" target=\"_blank\">Scarica<\/a><\/td>\n<\/tr>\n<tr class=\"row1\">\n<td class=\"cell1\">Intervento Annarita Azzolini<\/td>\n<td class=\"cell2\">1, 2, 3&#8230; parla con me<br \/>\nPROGETTO DI STIMOLAZIONE ALLA COMUNICAZIONE<br \/>\nIN ETA\u2019 PRECOCE parte 1<\/td>\n<td class=\"cell2\"><a class=\"_blank\" href=\"http:\/\/www.centroisah.it\/upload\/Azzolini%20Annarita.pdf\" target=\"_blank\">Scarica<\/a><\/td>\n<\/tr>\n<tr class=\"row1\">\n<td class=\"cell1\">Intervento Lanzara Consuelo<\/td>\n<td class=\"cell2\">Il metodo creativo stimolativo riabilitativo della<br \/>\ncomunicazione orale e scritta con le strutture musicali della Comm. DR.Sci Zora Dre\u017ean\u010di\u0107<\/td>\n<td class=\"cell2\"><a class=\"_blank\" href=\"http:\/\/www.centroisah.it\/upload\/Lanzara%20Consuelo.pdf\" target=\"_blank\">Scarica<\/a><\/td>\n<\/tr>\n<tr class=\"row1\">\n<td class=\"cell1\">Intervento Roberto Cavagnola<\/td>\n<td class=\"cell2\">L&#8217;importanza dell&#8217;assestament delle scelte e dei valori nella progettazione assistenziale<\/td>\n<td class=\"cell2\"><a class=\"_blank\" href=\"http:\/\/www.centroisah.it\/upload\/Cavagnola%20Roberto.pdf\" target=\"_blank\">Scarica<\/a><\/td>\n<\/tr>\n<\/tbody>\n<\/table>\n<p>&nbsp;<\/p>\n<div class=\"post-meta\">Ultima Modifica: 5\/10\/15<\/div>","protected":false},"excerpt":{"rendered":"<p>Di seguito gli interventi che si sono succediti al convegno di Imperia del 29 novembre 2014 alla presenza di 430 uditori Nome Descrizione Scarica Intervento Keller Roberto La valutazione diagnostica in et\u00e0 adolescenziale &#8211; adulta nell&#8217;ottica della organizzazione del progetto abilitativo. Scarica Intervento Parodi Elena LA SPECIFICITA\u2019 DEI SERVIZI DIURNI \u2026 <a class=\"continue-reading-link\" href=\"https:\/\/www.centroisah.it\/?page_id=202\">continua a leggere <span class=\"meta-nav\">&rarr; <\/span><\/a><\/p>\n","protected":false},"author":2,"featured_media":0,"parent":0,"menu_order":0,"comment_status":"closed","ping_status":"closed","template":"","meta":{"jetpack_post_was_ever_published":false,"footnotes":""},"class_list":["post-202","page","type-page","status-publish","hentry"],"jetpack_sharing_enabled":true,"jetpack_shortlink":"https:\/\/wp.me\/P6JrrM-3g","jetpack-related-posts":[],"jetpack_likes_enabled":true,"_links":{"self":[{"href":"https:\/\/www.centroisah.it\/index.php?rest_route=\/wp\/v2\/pages\/202","targetHints":{"allow":["GET"]}}],"collection":[{"href":"https:\/\/www.centroisah.it\/index.php?rest_route=\/wp\/v2\/pages"}],"about":[{"href":"https:\/\/www.centroisah.it\/index.php?rest_route=\/wp\/v2\/types\/page"}],"author":[{"embeddable":true,"href":"https:\/\/www.centroisah.it\/index.php?rest_route=\/wp\/v2\/users\/2"}],"replies":[{"embeddable":true,"href":"https:\/\/www.centroisah.it\/index.php?rest_route=%2Fwp%2Fv2%2Fcomments&post=202"}],"version-history":[{"count":1,"href":"https:\/\/www.centroisah.it\/index.php?rest_route=\/wp\/v2\/pages\/202\/revisions"}],"predecessor-version":[{"id":203,"href":"https:\/\/www.centroisah.it\/index.php?rest_route=\/wp\/v2\/pages\/202\/revisions\/203"}],"wp:attachment":[{"href":"https:\/\/www.centroisah.it\/index.php?rest_route=%2Fwp%2Fv2%2Fmedia&parent=202"}],"curies":[{"name":"wp","href":"https:\/\/api.w.org\/{rel}","templated":true}]}}