{"id":181,"date":"2015-10-05T08:37:22","date_gmt":"2015-10-05T08:37:22","guid":{"rendered":"http:\/\/new.centroisah.it\/?page_id=181"},"modified":"2022-01-11T10:00:33","modified_gmt":"2022-01-11T09:00:33","slug":"progetto-il-giardino-della-memoria-realizzazione-di-un-ambiente-protesico-per-soggetti-affetti-da-demenza-tipo-alzheimer","status":"publish","type":"page","link":"https:\/\/www.centroisah.it\/?page_id=181","title":{"rendered":"Caratteristiche della Struttura e del giardino plurifunzionale"},"content":{"rendered":"<div>\n<p><img data-recalc-dims=\"1\" loading=\"lazy\" decoding=\"async\" title=\"img_0399_400\" src=\"https:\/\/i0.wp.com\/www.centroisah.it\/upload\/img_0399_400.jpg?resize=400%2C300\" alt=\"img_0399_400\" width=\"400\" height=\"300\" \/><\/p>\n<p><img data-recalc-dims=\"1\" loading=\"lazy\" decoding=\"async\" title=\"img_0403_400\" src=\"https:\/\/i0.wp.com\/www.centroisah.it\/upload\/img_0403_400.jpg?resize=400%2C300\" alt=\"img_0403_400\" width=\"400\" height=\"300\" \/><\/p>\n<p><strong><img data-recalc-dims=\"1\" loading=\"lazy\" decoding=\"async\" title=\"garden_1_isah_400\" src=\"https:\/\/i0.wp.com\/www.centroisah.it\/upload\/garden_1_isah_400.jpg?resize=400%2C266\" alt=\"garden_1_isah_400\" width=\"400\" height=\"266\" \/><\/strong><\/p>\n<p><strong><img data-recalc-dims=\"1\" loading=\"lazy\" decoding=\"async\" title=\"garden_2_400\" src=\"https:\/\/i0.wp.com\/www.centroisah.it\/upload\/garden_2_400.jpg?resize=266%2C400\" alt=\"garden_2_400\" width=\"266\" height=\"400\" \/><\/strong><\/p>\n<p><strong>(foto realizzate da Donna Corboy)<\/strong><\/p>\n<p><img data-recalc-dims=\"1\" loading=\"lazy\" decoding=\"async\" title=\"img_0394_400\" src=\"https:\/\/i0.wp.com\/www.centroisah.it\/upload\/img_0394_400.jpg?resize=400%2C300\" alt=\"img_0394_400\" width=\"400\" height=\"300\" \/><\/p>\n<\/div>\n<div><strong>\u00a0<\/strong><\/div>\n<p><strong>RESIDENZA PROTETTA CASA di RIPOSO SAN GIUSEPPE (DOLCEDO)<\/strong><\/p>\n<p>Gestione di Residenza Protetta per anziani autosufficienti, parzialmente autosufficienti e non autosufficienti, con esiti cronicizzati di patologie cognitive e\/ o senili.<\/p>\n<p>La Residenza Protetta San Giuseppe \u00e8 ubicata in Piazza Airenti n\u00b0 4 nel centro del Comune di Dolcedo in Provincia di Imperia.<\/p>\n<p>La Residenza accoglie ospiti autosufficienti e non autosufficienti e ha come obiettivo di garantire una qualit\u00e0 della vita il pi\u00f9 possibile elevata agli ospiti utenti, considerandone i peculiari bisogni psico-fisici e sociali, nel rispetto dell\u2019individualit\u00e0, della riservatezza e della dignit\u00e0 della persona.<\/p>\n<p>Per perseguire questa finalit\u00e0, la struttura si avvale di una assistenza qualificata e continuativa, in stretta collaborazione con la famiglia ed i servizi del territorio, per agevolare la socializzazione tra loro, aiutandoli a mantenere un contatto con il mondo esterno e con la comunit\u00e0, ritenendo tutto questo un investimento sociale per il miglioramento della vita del singolo e della collettivit\u00e0.<\/p>\n<p>L\u2019organizzazione della struttura ha lo scopo di attuare un continuo miglioramento dei servizi offerti, di definire ed aggiornare, sulla base di valutazioni multiprofessionali, progetti di intervento personalizzati, individuali e \/o di gruppo, al fine di perseguire livelli di qualit\u00e0 di vita ottimali.<\/p>\n<p>La Casa di Riposo San Giuseppe di Dolcedo dispone di ambienti confortevoli completamente accessibili, luminosi e dotati di ogni comfort, ha una capienza di 40 posti letto, suddivisi in stanze singole, doppie e triple, con bagno in camera completo di doccia, l&#8217;arredamento comprende letti in legno a tre snodi elevabili elettricamente, comodini, armadi, poltroncine funzionali per persone con limitata autonomia.<\/p>\n<p>Le pareti delle camere possono essere arricchite con foto ricordo degli ospiti o addobbi personalizzati, ogni posto letto dispone di un impianto di chiamata dell\u2019infermiere all\u2019avanguardia, che permette agli ospiti di parlare in ogni momento con il personale della struttura in turno per qualsiasi esigenza o emergenza, monitorando allo stesso tempo costantemente i tempi di intervento.<\/p>\n<p>La struttura offre un servizio di telesorveglianza degli spazi esterni, del giardino<\/p>\n<p>e dell\u2019ampia terrazza pi\u00f9 degli spazi comuni come per esempio sala da pranzo, Il soggiorno e di una stanza da letto riservata a persone che necessitano di particolare sorveglianza.<\/p>\n<p>Ogni camera dispone di impianto per TV personale. Sullo stesso piano sono disponibili due bagni assistiti e un locale personale con tisaneria. Sempre sullo stesso piano gli ospiti possono fruire di due sale comuni ricreative una delle quali dotata di cucinotto a scomparsa, di una biblioteca e un ricco assortimento di CD con apparecchio lettore e schermo televisivo.<\/p>\n<p>La struttura e attrezzata con due infermerie e delle apparecchiature mediche di pronto intervento.<\/p>\n<p>Gli impianti termici e idraulici sono di nuova generazione e presentano un riscaldamento a pavimento che permette di mantenere uniforme e costante la temperatura degli ambienti eliminando i termosifoni, fonte di pericolo e di fastidiosi sbalzi termici.<\/p>\n<p>L\u2019aria condizionata \u00e8 garantita nelle sale comuni in tutto il primo piano, nell\u2019ampio corridoio vi son ventole da soffitto per movimentare l\u2019aria senza creare correnti fastidiose.<\/p>\n<p>Sempre al primo piano vi \u00e8 un\u2019ampia terrazza munita di tensostruttura manovrabile secondo le condizioni metereologiche che consente di eseguire in tranquillit\u00e0 varie \u00a0\u00a0attivit\u00e0 all\u2019aperto in sicurezza.<\/p>\n<p>IL piano terra dispone di sale comuni e della sala da pranzo, l\u2019ambulatori, vari servizi igienici.<\/p>\n<p>Le sale comuni dello stesso piano sono dotate di impianti di condizionamento per garantire temperature ideali anche durante i periodi detti di \u201cemergenza caldo\u201d per la verit\u00e0 abbastanza rari nel territorio di Dolcedo.<\/p>\n<p>La Struttura \u00e8 dotata di un\u2019ampia palestra attrezzata per fisioterapia ed esercizio fisico , nella parte pi\u00f9 antica della residenza vi \u00e8 un\u2019ampia lavanderia-stireria, una camera mortuaria\u00a0 a norma di legge e un servizio unico nel suo genere che risale all\u2019antica \u00a0cappella del convento che permette, a chi lo desidera, momenti di raccoglimento o di preghiera e secondo le disponibilit\u00e0 del Parroco anche l\u2019uffizio della Santa Messa.<\/p>\n<p>Il servizio alberghiero \u00e8 impostato dalla dietologa e fornisce un ricco menu variabile con pi\u00f9 possibilit\u00e0 di scelta tra le varie portate e un menu personalizzato in base alle condizioni patologiche dell\u2019ospite.<\/p>\n<p><strong>GIARDINO PLURIFUNZIONALE<\/strong><\/p>\n<p>Rende l\u2019ambiente particolarmente gradevole un ampio spazio che circonda la Casa di Riposo, dove \u00e8 stato realizzato un giardino che rappresenta lo sfogo naturale all\u2019aria aperta con una piacevole e rasserenante vista panoramica sulla Valle Prino.<\/p>\n<p>Il giardino \u00e8 stato realizzato per rispondere anche ai vari bisogni specifici e alle varie condizioni psicofisiche degli ospiti riguardanti la funzione evocativa-protesica-riabilitativa.<\/p>\n<p>L\u2019ampio spazio del giardino tiene conto delle diverse capacit\u00e0 motorie, sensoriali e percettive degli ospiti ed \u00e8 fruibile anche da soggetti affetti da demenza senile perch\u00e9 realizzato in uno spazio delimitato che ne consente l\u2019accesso autonomo in sicurezza.<\/p>\n<p>Il percorso \u00e8 studiato in modo da non permettere al soggetto di perdersi e\/o provare sentimenti di incertezza o di ansia e per questo scopo \u00e8 stato realizzato senza\u00a0 andamenti sinuosi, o bruschi cambi di direzione, senza incroci che possano dare disorientamento e incertezza nella scelta della strada da percorrere ma\u00a0 con andamento ad anello con aree di sosta, alcune pensate per incontri con altri ospiti,\u00a0 altre per momenti di isolamento in cui, specialmente le persone affette da demenza o da \u00a0un decadimento cognitivo in forma meno severa , talvolta , si possano rifugiare\u00a0 per creare un proprio spazio.<\/p>\n<p>Il percorso \u00e8 arricchito dalla presenza di una ampia vasca circolare con zampilli d\u2019acqua che producono un suono evocativo di ricordi pi\u00f9 la presenza di piante acquatiche come ninfee o palustre \u00e8 animata dalla presenza di pesciolini rossi sempre in movimento che attirano l\u2019attenzione e la memoria di quando magari i figli o nipotini li avevano voluti in casa.<\/p>\n<p>Tutti i percorsi del giardino sono protetti da un corrimano in una lega metallica che protegge dagli eccessi della temperatura evitando all\u2019l\u2019ospite d\u2019estate di scottarsi le mani o di gelarsele d\u2019inverno.<\/p>\n<p>La facciata antistante l\u2019ingresso, dispone di un\u2019ampia copertura mobile che in base alle condizioni metereologiche garantisce la possibilit\u00e0 di godere dell\u2019aria fresca o del sole di Dolcedo, pi\u00f9 separato e circondato da un bel prato all\u2019inglese, \u00e8 presente uno spazio circondato da siepi, arredato con tavolini e seggiole in ferro, protetto, \u00a0all\u2019occorrenza da un ampio e robusto ombrellone centrale dove ci si pu\u00f2 ritirare per rilassarsi a leggere o conversare con parenti e amici in tranquillit\u00e0.<\/p>\n<p><strong>ORTO\u00a0<\/strong><\/p>\n<p>La parte di spazio che costeggia la Residenza \u00e8 stata riservata all\u2019orticultura per favorire l\u2019attivit\u00e0 manuale, contrastare la passivit\u00e0, stimolare l\u2019attenzione, trarre soddisfazione dal piacere della cura nel far crescere ortaggi stagionali, nella raccolta e infine nel cucinarli con gli altri ospiti come attivit\u00e0 ricreativa e gustativa.<\/p>\n<p><strong>FRUTTETO<\/strong><\/p>\n<p>E\u2019 in fase di progettazione uno spazio da dedicare alla coltivazione di piante aromatiche per la stimolazione olfattiva e una serra per piante di vari fiori colorati per la stimolazione visiva che oltre a rallegrare l\u2019ambiente garantirebbe il mantenimento del gusto estetico.<\/p>\n<p>La Residenza Protetta Casa di Riposo San Giuseppe essendo situata nel centro del Comune di Dolcedo pu\u00f2 rispondere alle esigenze degli anziani ancora autonomi che desiderino passeggiare o socializzare con la gente del posto ma soprattutto \u00e8 qualificata per assistere gli anziani abili e disabili che necessitino di prestazioni residenziale e diurne con assistenza sanitaria di medicina generale e geriatrica,<\/p>\n<p>infermieristica, tutelare, riabilitativa, di animazione, socializzazione e assistenza alberghiera.<\/p>\n<p>L\u2019assistenza medica per gli ospiti \u00e8 garantita dal mantenimento del proprio medico di famiglia convenzionato con l\u2019ASL di appartenenza e dalla supervisione del Responsabile Medico della struttura con esperienza in medicina generale e geriatrica, coadiuvata da figure specialistiche secondo le varie criticit\u00e0.<\/p>\n<p>La Casa di Riposo San Giuseppe in Dolcedo \u00e8 in una posizione geografica strategica per rispondere alle esigenze degli utenti della Valle Prino e in particolare della Provincia di Imperia ma \u00e8 pronta a rispondere a tutti coloro che ne richiedano la tutela.<\/p>\n<div class=\"post-meta\">Ultima Modifica: 11\/01\/22<\/div>","protected":false},"excerpt":{"rendered":"<p>(foto realizzate da Donna Corboy) \u00a0 RESIDENZA PROTETTA CASA di RIPOSO SAN GIUSEPPE (DOLCEDO) Gestione di Residenza Protetta per anziani autosufficienti, parzialmente autosufficienti e non autosufficienti, con esiti cronicizzati di patologie cognitive e\/ o senili. La Residenza Protetta San Giuseppe \u00e8 ubicata in Piazza Airenti n\u00b0 4 nel centro del \u2026 <a class=\"continue-reading-link\" href=\"https:\/\/www.centroisah.it\/?page_id=181\">continua a leggere <span class=\"meta-nav\">&rarr; <\/span><\/a><\/p>\n","protected":false},"author":2,"featured_media":0,"parent":0,"menu_order":0,"comment_status":"closed","ping_status":"closed","template":"","meta":{"jetpack_post_was_ever_published":false,"footnotes":""},"class_list":["post-181","page","type-page","status-publish","hentry"],"jetpack_sharing_enabled":true,"jetpack_shortlink":"https:\/\/wp.me\/P6JrrM-2V","jetpack-related-posts":[],"jetpack_likes_enabled":true,"_links":{"self":[{"href":"https:\/\/www.centroisah.it\/index.php?rest_route=\/wp\/v2\/pages\/181","targetHints":{"allow":["GET"]}}],"collection":[{"href":"https:\/\/www.centroisah.it\/index.php?rest_route=\/wp\/v2\/pages"}],"about":[{"href":"https:\/\/www.centroisah.it\/index.php?rest_route=\/wp\/v2\/types\/page"}],"author":[{"embeddable":true,"href":"https:\/\/www.centroisah.it\/index.php?rest_route=\/wp\/v2\/users\/2"}],"replies":[{"embeddable":true,"href":"https:\/\/www.centroisah.it\/index.php?rest_route=%2Fwp%2Fv2%2Fcomments&post=181"}],"version-history":[{"count":3,"href":"https:\/\/www.centroisah.it\/index.php?rest_route=\/wp\/v2\/pages\/181\/revisions"}],"predecessor-version":[{"id":1105,"href":"https:\/\/www.centroisah.it\/index.php?rest_route=\/wp\/v2\/pages\/181\/revisions\/1105"}],"wp:attachment":[{"href":"https:\/\/www.centroisah.it\/index.php?rest_route=%2Fwp%2Fv2%2Fmedia&parent=181"}],"curies":[{"name":"wp","href":"https:\/\/api.w.org\/{rel}","templated":true}]}}