{"id":163,"date":"2015-10-02T10:28:05","date_gmt":"2015-10-02T10:28:05","guid":{"rendered":"http:\/\/new.centroisah.it\/?page_id=163"},"modified":"2022-08-23T16:41:07","modified_gmt":"2022-08-23T14:41:07","slug":"diagnosi-riabilitazione-e-consulenze-nel-campo-dei-disturbi-specifici-di-apprendimento","status":"publish","type":"page","link":"https:\/\/www.centroisah.it\/?page_id=163","title":{"rendered":"Diagnosi Riabilitazione e consulenze nel campo dei Disturbi Specifici di Apprendimento"},"content":{"rendered":"<p><a href=\"https:\/\/www.centroisah.it\/sistema\/wp-content\/uploads\/2022\/08\/brochure-DSA.pdf\"><strong><em><span style=\"color: #0000ff;\">(scarica depliant)<\/span><\/em><\/strong><\/a><\/p>\n<p>Il DSA (Disturbo specifico di apprendimento) \u00e8 un disturbo con esordio durante gli anni della formazione scolastica ed \u00e8 caratterizzato da persistenti e progressive difficolt\u00e0 nell\u2019apprendere le abilit\u00e0 scolastiche di base<br \/>Per poter parlare di disturbo dell\u2019apprendimento tali difficolt\u00e0 devono presentarsi per almeno sei mesi. Quest\u2019ultime impediscono al bambino di poter apprendere la materia di studio stessa per questo il rendimento scolastico non \u00e8 soddisfacente. Include le diagnosi di Disturbo della Lettura, Disturbo del Calcolo, Disturbo dell\u2019Espressione Scritta.<\/p>\n<p>La principale caratteristica di questa categoria \u00e8 proprio la \u201cspecificit\u00e0\u201d, ovvero il disturbo interessa uno specifico e circoscritto dominio di abilit\u00e0 indispensabile per l\u2019apprendimento (lettura, scrittura, calcolo) lasciando intatto il funzionamento intellettivo generale. Ci\u00f2 significa che per avere una diagnosi di dislessia, il bambino non deve presentare deficit di intelligenza, problemi ambientali o psicologici, deficit sensoriali o neurologici.<\/p>\n<p>La Fondazione ISAH con i propri medici specialisti in neurospsichiatria infantile, foniatria e i terapisti della riabilitazione appositamente formati nel campo dei DSA ( Logopedisti e Neuropsicomotricisti) si \u00e8 accreditata per poter effettuare diagnosi cure e riabilitazione nel campo dei DSA sia in forma privata che in convenzione con il SSN<\/p>\n<p>Per informazioni \u00e8 possibile contattare il Centro di Riabilitazione ISAH al n. 0183293522 o via email info@centroisah.it<\/p>\n<p>\u00a0<\/p>\n\n\n<figure class=\"wp-block-image size-large\"><a href=\"https:\/\/i0.wp.com\/www.centroisah.it\/sistema\/wp-content\/uploads\/2015\/09\/ISAH_DSC73933701_home01-e1442396219421.jpg?ssl=1\"><img data-recalc-dims=\"1\" loading=\"lazy\" decoding=\"async\" width=\"500\" height=\"146\" data-attachment-id=\"103\" data-permalink=\"https:\/\/www.centroisah.it\/?attachment_id=103\" data-orig-file=\"https:\/\/i0.wp.com\/www.centroisah.it\/sistema\/wp-content\/uploads\/2015\/09\/ISAH_DSC73933701_home01-e1442396219421.jpg?fit=1440%2C420&amp;ssl=1\" data-orig-size=\"1440,420\" data-comments-opened=\"0\" data-image-meta=\"{&quot;aperture&quot;:&quot;5&quot;,&quot;credit&quot;:&quot;&quot;,&quot;camera&quot;:&quot;NIKON D3100&quot;,&quot;caption&quot;:&quot;&quot;,&quot;created_timestamp&quot;:&quot;1427361050&quot;,&quot;copyright&quot;:&quot;&quot;,&quot;focal_length&quot;:&quot;34&quot;,&quot;iso&quot;:&quot;200&quot;,&quot;shutter_speed&quot;:&quot;0.016666666666667&quot;,&quot;title&quot;:&quot;&quot;,&quot;orientation&quot;:&quot;1&quot;}\" data-image-title=\"ISAH_DSC73933701_home01\" data-image-description=\"\" data-image-caption=\"\" data-medium-file=\"https:\/\/i0.wp.com\/www.centroisah.it\/sistema\/wp-content\/uploads\/2015\/09\/ISAH_DSC73933701_home01-e1442396219421.jpg?fit=300%2C88&amp;ssl=1\" data-large-file=\"https:\/\/i0.wp.com\/www.centroisah.it\/sistema\/wp-content\/uploads\/2015\/09\/ISAH_DSC73933701_home01-e1442396219421.jpg?fit=500%2C146&amp;ssl=1\" src=\"https:\/\/i0.wp.com\/www.centroisah.it\/sistema\/wp-content\/uploads\/2015\/09\/ISAH_DSC73933701_home01.jpg?resize=500%2C146&#038;ssl=1\" alt=\"\" class=\"wp-image-103\"\/><\/a><\/figure>\n\n\n\n<div class=\"wp-block-file\"><a id=\"wp-block-file--media-c84805b3-e7a0-45bf-bfae-5bf40d031d8a\" href=\"https:\/\/www.centroisah.it\/sistema\/wp-content\/uploads\/2021\/08\/DELIBERA-313-2021.pdf\" target=\"_blank\" rel=\"noreferrer noopener\">Delibera di accreditamento DSA&nbsp; ALISA Regione Liguria&nbsp; 313-2021<br><\/a><a href=\"https:\/\/www.centroisah.it\/sistema\/wp-content\/uploads\/2021\/08\/DELIBERA-313-2021.pdf\" class=\"wp-block-file__button\" download aria-describedby=\"wp-block-file--media-c84805b3-e7a0-45bf-bfae-5bf40d031d8a\">Download<\/a><\/div>\n<div class=\"post-meta\">Ultima Modifica: 23\/08\/22<\/div>","protected":false},"excerpt":{"rendered":"<p>(scarica depliant) Il DSA (Disturbo specifico di apprendimento) \u00e8 un disturbo con esordio durante gli anni della formazione scolastica ed \u00e8 caratterizzato da persistenti e progressive difficolt\u00e0 nell\u2019apprendere le abilit\u00e0 scolastiche di basePer poter parlare di disturbo dell\u2019apprendimento tali difficolt\u00e0 devono presentarsi per almeno sei mesi. Quest\u2019ultime impediscono al bambino \u2026 <a class=\"continue-reading-link\" href=\"https:\/\/www.centroisah.it\/?page_id=163\">continua a leggere <span class=\"meta-nav\">&rarr; <\/span><\/a><\/p>\n","protected":false},"author":2,"featured_media":0,"parent":0,"menu_order":0,"comment_status":"closed","ping_status":"closed","template":"","meta":{"jetpack_post_was_ever_published":false,"footnotes":""},"class_list":["post-163","page","type-page","status-publish","hentry"],"jetpack_sharing_enabled":true,"jetpack_shortlink":"https:\/\/wp.me\/P6JrrM-2D","jetpack-related-posts":[],"jetpack_likes_enabled":true,"_links":{"self":[{"href":"https:\/\/www.centroisah.it\/index.php?rest_route=\/wp\/v2\/pages\/163","targetHints":{"allow":["GET"]}}],"collection":[{"href":"https:\/\/www.centroisah.it\/index.php?rest_route=\/wp\/v2\/pages"}],"about":[{"href":"https:\/\/www.centroisah.it\/index.php?rest_route=\/wp\/v2\/types\/page"}],"author":[{"embeddable":true,"href":"https:\/\/www.centroisah.it\/index.php?rest_route=\/wp\/v2\/users\/2"}],"replies":[{"embeddable":true,"href":"https:\/\/www.centroisah.it\/index.php?rest_route=%2Fwp%2Fv2%2Fcomments&post=163"}],"version-history":[{"count":7,"href":"https:\/\/www.centroisah.it\/index.php?rest_route=\/wp\/v2\/pages\/163\/revisions"}],"predecessor-version":[{"id":1205,"href":"https:\/\/www.centroisah.it\/index.php?rest_route=\/wp\/v2\/pages\/163\/revisions\/1205"}],"wp:attachment":[{"href":"https:\/\/www.centroisah.it\/index.php?rest_route=%2Fwp%2Fv2%2Fmedia&parent=163"}],"curies":[{"name":"wp","href":"https:\/\/api.w.org\/{rel}","templated":true}]}}