{"id":135,"date":"2015-09-22T10:32:37","date_gmt":"2015-09-22T10:32:37","guid":{"rendered":"http:\/\/new.centroisah.it\/?page_id=135"},"modified":"2025-07-18T18:00:13","modified_gmt":"2025-07-18T16:00:13","slug":"settore-manutenzione-e-trasporti","status":"publish","type":"page","link":"https:\/\/www.centroisah.it\/?page_id=135","title":{"rendered":"Settore Manutenzione e Trasporti"},"content":{"rendered":"<p>Responsabile Sett. Manutenzione Dr. Minazzi Marco<\/p>\n<p>Il servizio \u00e8 atto a mantenere sempre in buono stato le strutture dell&#8217;Isah, occupandosi sia della manutenzione ordinaria che, in misura minore, di quella straordinaria.<br \/>\nFondamentale nel nostro lavoro di riabilitatori \u00e8 l\u2019attenzione alla condizione psicologica dei nostri utenti. Essi presentano infatti carenze sia dal punto di vista sanitario che sociale. Diventa pertanto indispensabile operare in ambienti idonei sia a limitare i deficit patologici degli utenti sia, soprattutto, a garantire habitat dignitosi e accoglienti che, per diversi di loro, rappresentano la casa in cui vivere. Risulta pertanto ovvio come la piacevolezza dei locali, inevitabilmente legata alla loro funzionalit\u00e0 ma anche all\u2019aspetto estetico, unitamente al buon funzionamento delle attrezzature, debba essere per tutti noi il momento primario di lavoro per gli utenti ma anche con gli utenti, visto che possiamo cos\u00ec insegnare loro il rispetto per tutto ci\u00f2 che ci circonda, e quindi in ultima analisi anche per se stessi, e stimolarli a porre attenzione su ci\u00f2 che fanno.<br \/>\nL&#8217;attivit\u00e0 di manutenzione costituisce mezzo educativo per i laboratori di Ergoterapia (Terapia del lavoro)<br \/>\nResponsabile Sett. Trasporti Dr. Marco MINAZZI<\/p>\n<p>L&#8217;ISAH per garantire la massima mobilit\u00e0 dei propri utenti e la possibilit\u00e0 di un facile e indipendente trasferimento tra le varie sedi ove si svolgono le specifiche attivit\u00e0 \u00e8 dotato di ben 8 autoveicoli con caratteristiche varie che incontrano le diverse problematiche sia dell&#8217;utenza che dei percorsi.<\/p>\n<p><a href=\"https:\/\/i0.wp.com\/new.centroisah.it\/wp-content\/uploads\/2015\/09\/dscn2231_400.jpg\"><img data-recalc-dims=\"1\" loading=\"lazy\" decoding=\"async\" data-attachment-id=\"136\" data-permalink=\"https:\/\/www.centroisah.it\/?attachment_id=136\" data-orig-file=\"https:\/\/i0.wp.com\/www.centroisah.it\/sistema\/wp-content\/uploads\/2015\/09\/dscn2231_400.jpg?fit=400%2C300&amp;ssl=1\" data-orig-size=\"400,300\" data-comments-opened=\"0\" data-image-meta=\"{&quot;aperture&quot;:&quot;0&quot;,&quot;credit&quot;:&quot;&quot;,&quot;camera&quot;:&quot;&quot;,&quot;caption&quot;:&quot;&quot;,&quot;created_timestamp&quot;:&quot;0&quot;,&quot;copyright&quot;:&quot;&quot;,&quot;focal_length&quot;:&quot;0&quot;,&quot;iso&quot;:&quot;0&quot;,&quot;shutter_speed&quot;:&quot;0&quot;,&quot;title&quot;:&quot;&quot;,&quot;orientation&quot;:&quot;0&quot;}\" data-image-title=\"dscn2231_400\" data-image-description=\"\" data-image-caption=\"\" data-medium-file=\"https:\/\/i0.wp.com\/www.centroisah.it\/sistema\/wp-content\/uploads\/2015\/09\/dscn2231_400.jpg?fit=300%2C225&amp;ssl=1\" data-large-file=\"https:\/\/i0.wp.com\/www.centroisah.it\/sistema\/wp-content\/uploads\/2015\/09\/dscn2231_400.jpg?fit=400%2C300&amp;ssl=1\" class=\"alignnone size-medium wp-image-136\" src=\"https:\/\/i0.wp.com\/new.centroisah.it\/wp-content\/uploads\/2015\/09\/dscn2231_400-300x225.jpg?resize=300%2C225\" alt=\"dscn2231_400\" width=\"300\" height=\"225\" srcset=\"https:\/\/i0.wp.com\/www.centroisah.it\/sistema\/wp-content\/uploads\/2015\/09\/dscn2231_400.jpg?resize=300%2C225&amp;ssl=1 300w, https:\/\/i0.wp.com\/www.centroisah.it\/sistema\/wp-content\/uploads\/2015\/09\/dscn2231_400.jpg?resize=200%2C150&amp;ssl=1 200w, https:\/\/i0.wp.com\/www.centroisah.it\/sistema\/wp-content\/uploads\/2015\/09\/dscn2231_400.jpg?resize=150%2C113&amp;ssl=1 150w, https:\/\/i0.wp.com\/www.centroisah.it\/sistema\/wp-content\/uploads\/2015\/09\/dscn2231_400.jpg?w=400&amp;ssl=1 400w\" sizes=\"auto, (max-width: 300px) 100vw, 300px\" \/><\/a> <a href=\"https:\/\/i0.wp.com\/new.centroisah.it\/wp-content\/uploads\/2015\/09\/dscn2233_400.jpg\"><img data-recalc-dims=\"1\" loading=\"lazy\" decoding=\"async\" data-attachment-id=\"137\" data-permalink=\"https:\/\/www.centroisah.it\/?attachment_id=137\" data-orig-file=\"https:\/\/i0.wp.com\/www.centroisah.it\/sistema\/wp-content\/uploads\/2015\/09\/dscn2233_400.jpg?fit=400%2C300&amp;ssl=1\" data-orig-size=\"400,300\" data-comments-opened=\"0\" data-image-meta=\"{&quot;aperture&quot;:&quot;0&quot;,&quot;credit&quot;:&quot;&quot;,&quot;camera&quot;:&quot;&quot;,&quot;caption&quot;:&quot;&quot;,&quot;created_timestamp&quot;:&quot;0&quot;,&quot;copyright&quot;:&quot;&quot;,&quot;focal_length&quot;:&quot;0&quot;,&quot;iso&quot;:&quot;0&quot;,&quot;shutter_speed&quot;:&quot;0&quot;,&quot;title&quot;:&quot;&quot;,&quot;orientation&quot;:&quot;0&quot;}\" data-image-title=\"dscn2233_400\" data-image-description=\"\" data-image-caption=\"\" data-medium-file=\"https:\/\/i0.wp.com\/www.centroisah.it\/sistema\/wp-content\/uploads\/2015\/09\/dscn2233_400.jpg?fit=300%2C225&amp;ssl=1\" data-large-file=\"https:\/\/i0.wp.com\/www.centroisah.it\/sistema\/wp-content\/uploads\/2015\/09\/dscn2233_400.jpg?fit=400%2C300&amp;ssl=1\" class=\"alignnone size-medium wp-image-137\" src=\"https:\/\/i0.wp.com\/new.centroisah.it\/wp-content\/uploads\/2015\/09\/dscn2233_400-300x225.jpg?resize=300%2C225\" alt=\"dscn2233_400\" width=\"300\" height=\"225\" srcset=\"https:\/\/i0.wp.com\/www.centroisah.it\/sistema\/wp-content\/uploads\/2015\/09\/dscn2233_400.jpg?resize=300%2C225&amp;ssl=1 300w, https:\/\/i0.wp.com\/www.centroisah.it\/sistema\/wp-content\/uploads\/2015\/09\/dscn2233_400.jpg?resize=200%2C150&amp;ssl=1 200w, https:\/\/i0.wp.com\/www.centroisah.it\/sistema\/wp-content\/uploads\/2015\/09\/dscn2233_400.jpg?resize=150%2C113&amp;ssl=1 150w, https:\/\/i0.wp.com\/www.centroisah.it\/sistema\/wp-content\/uploads\/2015\/09\/dscn2233_400.jpg?w=400&amp;ssl=1 400w\" sizes=\"auto, (max-width: 300px) 100vw, 300px\" \/><\/a> <a href=\"https:\/\/i0.wp.com\/new.centroisah.it\/wp-content\/uploads\/2015\/09\/dscn7259_400.jpg\"><img data-recalc-dims=\"1\" loading=\"lazy\" decoding=\"async\" data-attachment-id=\"140\" data-permalink=\"https:\/\/www.centroisah.it\/?attachment_id=140\" data-orig-file=\"https:\/\/i0.wp.com\/www.centroisah.it\/sistema\/wp-content\/uploads\/2015\/09\/dscn7259_400.jpg?fit=400%2C300&amp;ssl=1\" data-orig-size=\"400,300\" data-comments-opened=\"0\" data-image-meta=\"{&quot;aperture&quot;:&quot;0&quot;,&quot;credit&quot;:&quot;&quot;,&quot;camera&quot;:&quot;&quot;,&quot;caption&quot;:&quot;&quot;,&quot;created_timestamp&quot;:&quot;0&quot;,&quot;copyright&quot;:&quot;&quot;,&quot;focal_length&quot;:&quot;0&quot;,&quot;iso&quot;:&quot;0&quot;,&quot;shutter_speed&quot;:&quot;0&quot;,&quot;title&quot;:&quot;&quot;,&quot;orientation&quot;:&quot;0&quot;}\" data-image-title=\"dscn7259_400\" data-image-description=\"\" data-image-caption=\"\" data-medium-file=\"https:\/\/i0.wp.com\/www.centroisah.it\/sistema\/wp-content\/uploads\/2015\/09\/dscn7259_400.jpg?fit=300%2C225&amp;ssl=1\" data-large-file=\"https:\/\/i0.wp.com\/www.centroisah.it\/sistema\/wp-content\/uploads\/2015\/09\/dscn7259_400.jpg?fit=400%2C300&amp;ssl=1\" class=\"alignnone size-medium wp-image-140\" src=\"https:\/\/i0.wp.com\/new.centroisah.it\/wp-content\/uploads\/2015\/09\/dscn7259_400-300x225.jpg?resize=300%2C225\" alt=\"dscn7259_400\" width=\"300\" height=\"225\" srcset=\"https:\/\/i0.wp.com\/www.centroisah.it\/sistema\/wp-content\/uploads\/2015\/09\/dscn7259_400.jpg?resize=300%2C225&amp;ssl=1 300w, https:\/\/i0.wp.com\/www.centroisah.it\/sistema\/wp-content\/uploads\/2015\/09\/dscn7259_400.jpg?resize=200%2C150&amp;ssl=1 200w, https:\/\/i0.wp.com\/www.centroisah.it\/sistema\/wp-content\/uploads\/2015\/09\/dscn7259_400.jpg?resize=150%2C113&amp;ssl=1 150w, https:\/\/i0.wp.com\/www.centroisah.it\/sistema\/wp-content\/uploads\/2015\/09\/dscn7259_400.jpg?w=400&amp;ssl=1 400w\" sizes=\"auto, (max-width: 300px) 100vw, 300px\" \/><\/a> <a href=\"https:\/\/i0.wp.com\/new.centroisah.it\/wp-content\/uploads\/2015\/09\/dscn7964_400.jpg\"><img data-recalc-dims=\"1\" loading=\"lazy\" decoding=\"async\" data-attachment-id=\"142\" data-permalink=\"https:\/\/www.centroisah.it\/?attachment_id=142\" data-orig-file=\"https:\/\/i0.wp.com\/www.centroisah.it\/sistema\/wp-content\/uploads\/2015\/09\/dscn7964_400.jpg?fit=400%2C300&amp;ssl=1\" data-orig-size=\"400,300\" data-comments-opened=\"0\" data-image-meta=\"{&quot;aperture&quot;:&quot;0&quot;,&quot;credit&quot;:&quot;&quot;,&quot;camera&quot;:&quot;&quot;,&quot;caption&quot;:&quot;&quot;,&quot;created_timestamp&quot;:&quot;0&quot;,&quot;copyright&quot;:&quot;&quot;,&quot;focal_length&quot;:&quot;0&quot;,&quot;iso&quot;:&quot;0&quot;,&quot;shutter_speed&quot;:&quot;0&quot;,&quot;title&quot;:&quot;&quot;,&quot;orientation&quot;:&quot;0&quot;}\" data-image-title=\"dscn7964_400\" data-image-description=\"\" data-image-caption=\"\" data-medium-file=\"https:\/\/i0.wp.com\/www.centroisah.it\/sistema\/wp-content\/uploads\/2015\/09\/dscn7964_400.jpg?fit=300%2C225&amp;ssl=1\" data-large-file=\"https:\/\/i0.wp.com\/www.centroisah.it\/sistema\/wp-content\/uploads\/2015\/09\/dscn7964_400.jpg?fit=400%2C300&amp;ssl=1\" class=\"alignnone size-medium wp-image-142\" src=\"https:\/\/i0.wp.com\/new.centroisah.it\/wp-content\/uploads\/2015\/09\/dscn7964_400-300x225.jpg?resize=300%2C225\" alt=\"dscn7964_400\" width=\"300\" height=\"225\" srcset=\"https:\/\/i0.wp.com\/www.centroisah.it\/sistema\/wp-content\/uploads\/2015\/09\/dscn7964_400.jpg?resize=300%2C225&amp;ssl=1 300w, https:\/\/i0.wp.com\/www.centroisah.it\/sistema\/wp-content\/uploads\/2015\/09\/dscn7964_400.jpg?resize=200%2C150&amp;ssl=1 200w, https:\/\/i0.wp.com\/www.centroisah.it\/sistema\/wp-content\/uploads\/2015\/09\/dscn7964_400.jpg?resize=150%2C113&amp;ssl=1 150w, https:\/\/i0.wp.com\/www.centroisah.it\/sistema\/wp-content\/uploads\/2015\/09\/dscn7964_400.jpg?w=400&amp;ssl=1 400w\" sizes=\"auto, (max-width: 300px) 100vw, 300px\" \/><\/a> <a href=\"https:\/\/i0.wp.com\/new.centroisah.it\/wp-content\/uploads\/2015\/09\/dscn7965_400.jpg\"><img data-recalc-dims=\"1\" loading=\"lazy\" decoding=\"async\" data-attachment-id=\"143\" data-permalink=\"https:\/\/www.centroisah.it\/?attachment_id=143\" data-orig-file=\"https:\/\/i0.wp.com\/www.centroisah.it\/sistema\/wp-content\/uploads\/2015\/09\/dscn7965_400.jpg?fit=400%2C300&amp;ssl=1\" data-orig-size=\"400,300\" data-comments-opened=\"0\" data-image-meta=\"{&quot;aperture&quot;:&quot;0&quot;,&quot;credit&quot;:&quot;&quot;,&quot;camera&quot;:&quot;&quot;,&quot;caption&quot;:&quot;&quot;,&quot;created_timestamp&quot;:&quot;0&quot;,&quot;copyright&quot;:&quot;&quot;,&quot;focal_length&quot;:&quot;0&quot;,&quot;iso&quot;:&quot;0&quot;,&quot;shutter_speed&quot;:&quot;0&quot;,&quot;title&quot;:&quot;&quot;,&quot;orientation&quot;:&quot;0&quot;}\" data-image-title=\"dscn7965_400\" data-image-description=\"\" data-image-caption=\"\" data-medium-file=\"https:\/\/i0.wp.com\/www.centroisah.it\/sistema\/wp-content\/uploads\/2015\/09\/dscn7965_400.jpg?fit=300%2C225&amp;ssl=1\" data-large-file=\"https:\/\/i0.wp.com\/www.centroisah.it\/sistema\/wp-content\/uploads\/2015\/09\/dscn7965_400.jpg?fit=400%2C300&amp;ssl=1\" class=\"alignnone size-medium wp-image-143\" src=\"https:\/\/i0.wp.com\/new.centroisah.it\/wp-content\/uploads\/2015\/09\/dscn7965_400-300x225.jpg?resize=300%2C225\" alt=\"dscn7965_400\" width=\"300\" height=\"225\" srcset=\"https:\/\/i0.wp.com\/www.centroisah.it\/sistema\/wp-content\/uploads\/2015\/09\/dscn7965_400.jpg?resize=300%2C225&amp;ssl=1 300w, https:\/\/i0.wp.com\/www.centroisah.it\/sistema\/wp-content\/uploads\/2015\/09\/dscn7965_400.jpg?resize=200%2C150&amp;ssl=1 200w, https:\/\/i0.wp.com\/www.centroisah.it\/sistema\/wp-content\/uploads\/2015\/09\/dscn7965_400.jpg?resize=150%2C113&amp;ssl=1 150w, https:\/\/i0.wp.com\/www.centroisah.it\/sistema\/wp-content\/uploads\/2015\/09\/dscn7965_400.jpg?w=400&amp;ssl=1 400w\" sizes=\"auto, (max-width: 300px) 100vw, 300px\" \/><\/a> <a href=\"https:\/\/i0.wp.com\/new.centroisah.it\/wp-content\/uploads\/2015\/09\/img_0149_400_01.jpg\"><img data-recalc-dims=\"1\" loading=\"lazy\" decoding=\"async\" data-attachment-id=\"144\" data-permalink=\"https:\/\/www.centroisah.it\/?attachment_id=144\" data-orig-file=\"https:\/\/i0.wp.com\/www.centroisah.it\/sistema\/wp-content\/uploads\/2015\/09\/img_0149_400_01.jpg?fit=400%2C300&amp;ssl=1\" data-orig-size=\"400,300\" data-comments-opened=\"0\" data-image-meta=\"{&quot;aperture&quot;:&quot;0&quot;,&quot;credit&quot;:&quot;&quot;,&quot;camera&quot;:&quot;&quot;,&quot;caption&quot;:&quot;&quot;,&quot;created_timestamp&quot;:&quot;0&quot;,&quot;copyright&quot;:&quot;&quot;,&quot;focal_length&quot;:&quot;0&quot;,&quot;iso&quot;:&quot;0&quot;,&quot;shutter_speed&quot;:&quot;0&quot;,&quot;title&quot;:&quot;&quot;,&quot;orientation&quot;:&quot;0&quot;}\" data-image-title=\"img_0149_400_01\" data-image-description=\"\" data-image-caption=\"\" data-medium-file=\"https:\/\/i0.wp.com\/www.centroisah.it\/sistema\/wp-content\/uploads\/2015\/09\/img_0149_400_01.jpg?fit=300%2C225&amp;ssl=1\" data-large-file=\"https:\/\/i0.wp.com\/www.centroisah.it\/sistema\/wp-content\/uploads\/2015\/09\/img_0149_400_01.jpg?fit=400%2C300&amp;ssl=1\" class=\"alignnone size-medium wp-image-144\" src=\"https:\/\/i0.wp.com\/new.centroisah.it\/wp-content\/uploads\/2015\/09\/img_0149_400_01-300x225.jpg?resize=300%2C225\" alt=\"img_0149_400_01\" width=\"300\" height=\"225\" srcset=\"https:\/\/i0.wp.com\/www.centroisah.it\/sistema\/wp-content\/uploads\/2015\/09\/img_0149_400_01.jpg?resize=300%2C225&amp;ssl=1 300w, https:\/\/i0.wp.com\/www.centroisah.it\/sistema\/wp-content\/uploads\/2015\/09\/img_0149_400_01.jpg?resize=200%2C150&amp;ssl=1 200w, https:\/\/i0.wp.com\/www.centroisah.it\/sistema\/wp-content\/uploads\/2015\/09\/img_0149_400_01.jpg?resize=150%2C113&amp;ssl=1 150w, https:\/\/i0.wp.com\/www.centroisah.it\/sistema\/wp-content\/uploads\/2015\/09\/img_0149_400_01.jpg?w=400&amp;ssl=1 400w\" sizes=\"auto, (max-width: 300px) 100vw, 300px\" \/><\/a> <a href=\"https:\/\/i0.wp.com\/new.centroisah.it\/wp-content\/uploads\/2015\/09\/img_0151_400.jpg\"><img data-recalc-dims=\"1\" loading=\"lazy\" decoding=\"async\" data-attachment-id=\"145\" data-permalink=\"https:\/\/www.centroisah.it\/?attachment_id=145\" data-orig-file=\"https:\/\/i0.wp.com\/www.centroisah.it\/sistema\/wp-content\/uploads\/2015\/09\/img_0151_400.jpg?fit=400%2C300&amp;ssl=1\" data-orig-size=\"400,300\" data-comments-opened=\"0\" data-image-meta=\"{&quot;aperture&quot;:&quot;0&quot;,&quot;credit&quot;:&quot;&quot;,&quot;camera&quot;:&quot;&quot;,&quot;caption&quot;:&quot;&quot;,&quot;created_timestamp&quot;:&quot;0&quot;,&quot;copyright&quot;:&quot;&quot;,&quot;focal_length&quot;:&quot;0&quot;,&quot;iso&quot;:&quot;0&quot;,&quot;shutter_speed&quot;:&quot;0&quot;,&quot;title&quot;:&quot;&quot;,&quot;orientation&quot;:&quot;0&quot;}\" data-image-title=\"img_0151_400\" data-image-description=\"\" data-image-caption=\"\" data-medium-file=\"https:\/\/i0.wp.com\/www.centroisah.it\/sistema\/wp-content\/uploads\/2015\/09\/img_0151_400.jpg?fit=300%2C225&amp;ssl=1\" data-large-file=\"https:\/\/i0.wp.com\/www.centroisah.it\/sistema\/wp-content\/uploads\/2015\/09\/img_0151_400.jpg?fit=400%2C300&amp;ssl=1\" class=\"alignnone size-medium wp-image-145\" src=\"https:\/\/i0.wp.com\/new.centroisah.it\/wp-content\/uploads\/2015\/09\/img_0151_400-300x225.jpg?resize=300%2C225\" alt=\"img_0151_400\" width=\"300\" height=\"225\" srcset=\"https:\/\/i0.wp.com\/www.centroisah.it\/sistema\/wp-content\/uploads\/2015\/09\/img_0151_400.jpg?resize=300%2C225&amp;ssl=1 300w, https:\/\/i0.wp.com\/www.centroisah.it\/sistema\/wp-content\/uploads\/2015\/09\/img_0151_400.jpg?resize=200%2C150&amp;ssl=1 200w, https:\/\/i0.wp.com\/www.centroisah.it\/sistema\/wp-content\/uploads\/2015\/09\/img_0151_400.jpg?resize=150%2C113&amp;ssl=1 150w, https:\/\/i0.wp.com\/www.centroisah.it\/sistema\/wp-content\/uploads\/2015\/09\/img_0151_400.jpg?w=400&amp;ssl=1 400w\" sizes=\"auto, (max-width: 300px) 100vw, 300px\" \/><\/a> <a href=\"https:\/\/i0.wp.com\/new.centroisah.it\/wp-content\/uploads\/2015\/09\/img_0152_400.jpg\"><img data-recalc-dims=\"1\" loading=\"lazy\" decoding=\"async\" data-attachment-id=\"146\" data-permalink=\"https:\/\/www.centroisah.it\/?attachment_id=146\" data-orig-file=\"https:\/\/i0.wp.com\/www.centroisah.it\/sistema\/wp-content\/uploads\/2015\/09\/img_0152_400.jpg?fit=400%2C300&amp;ssl=1\" data-orig-size=\"400,300\" data-comments-opened=\"0\" data-image-meta=\"{&quot;aperture&quot;:&quot;0&quot;,&quot;credit&quot;:&quot;&quot;,&quot;camera&quot;:&quot;&quot;,&quot;caption&quot;:&quot;&quot;,&quot;created_timestamp&quot;:&quot;0&quot;,&quot;copyright&quot;:&quot;&quot;,&quot;focal_length&quot;:&quot;0&quot;,&quot;iso&quot;:&quot;0&quot;,&quot;shutter_speed&quot;:&quot;0&quot;,&quot;title&quot;:&quot;&quot;,&quot;orientation&quot;:&quot;0&quot;}\" data-image-title=\"img_0152_400\" data-image-description=\"\" data-image-caption=\"\" data-medium-file=\"https:\/\/i0.wp.com\/www.centroisah.it\/sistema\/wp-content\/uploads\/2015\/09\/img_0152_400.jpg?fit=300%2C225&amp;ssl=1\" data-large-file=\"https:\/\/i0.wp.com\/www.centroisah.it\/sistema\/wp-content\/uploads\/2015\/09\/img_0152_400.jpg?fit=400%2C300&amp;ssl=1\" class=\"alignnone size-medium wp-image-146\" src=\"https:\/\/i0.wp.com\/new.centroisah.it\/wp-content\/uploads\/2015\/09\/img_0152_400-300x225.jpg?resize=300%2C225\" alt=\"img_0152_400\" width=\"300\" height=\"225\" srcset=\"https:\/\/i0.wp.com\/www.centroisah.it\/sistema\/wp-content\/uploads\/2015\/09\/img_0152_400.jpg?resize=300%2C225&amp;ssl=1 300w, https:\/\/i0.wp.com\/www.centroisah.it\/sistema\/wp-content\/uploads\/2015\/09\/img_0152_400.jpg?resize=200%2C150&amp;ssl=1 200w, https:\/\/i0.wp.com\/www.centroisah.it\/sistema\/wp-content\/uploads\/2015\/09\/img_0152_400.jpg?resize=150%2C113&amp;ssl=1 150w, https:\/\/i0.wp.com\/www.centroisah.it\/sistema\/wp-content\/uploads\/2015\/09\/img_0152_400.jpg?w=400&amp;ssl=1 400w\" sizes=\"auto, (max-width: 300px) 100vw, 300px\" \/><\/a><\/p>\n<div class=\"post-meta\">Ultima Modifica: 18\/07\/25<\/div>","protected":false},"excerpt":{"rendered":"<p>Responsabile Sett. Manutenzione Dr. Minazzi Marco Il servizio \u00e8 atto a mantenere sempre in buono stato le strutture dell&#8217;Isah, occupandosi sia della manutenzione ordinaria che, in misura minore, di quella straordinaria. Fondamentale nel nostro lavoro di riabilitatori \u00e8 l\u2019attenzione alla condizione psicologica dei nostri utenti. Essi presentano infatti carenze sia \u2026 <a class=\"continue-reading-link\" href=\"https:\/\/www.centroisah.it\/?page_id=135\">continua a leggere <span class=\"meta-nav\">&rarr; <\/span><\/a><\/p>\n","protected":false},"author":2,"featured_media":0,"parent":0,"menu_order":0,"comment_status":"closed","ping_status":"closed","template":"","meta":{"jetpack_post_was_ever_published":false,"footnotes":""},"class_list":["post-135","page","type-page","status-publish","hentry"],"jetpack_sharing_enabled":true,"jetpack_shortlink":"https:\/\/wp.me\/P6JrrM-2b","jetpack-related-posts":[],"jetpack_likes_enabled":true,"_links":{"self":[{"href":"https:\/\/www.centroisah.it\/index.php?rest_route=\/wp\/v2\/pages\/135","targetHints":{"allow":["GET"]}}],"collection":[{"href":"https:\/\/www.centroisah.it\/index.php?rest_route=\/wp\/v2\/pages"}],"about":[{"href":"https:\/\/www.centroisah.it\/index.php?rest_route=\/wp\/v2\/types\/page"}],"author":[{"embeddable":true,"href":"https:\/\/www.centroisah.it\/index.php?rest_route=\/wp\/v2\/users\/2"}],"replies":[{"embeddable":true,"href":"https:\/\/www.centroisah.it\/index.php?rest_route=%2Fwp%2Fv2%2Fcomments&post=135"}],"version-history":[{"count":3,"href":"https:\/\/www.centroisah.it\/index.php?rest_route=\/wp\/v2\/pages\/135\/revisions"}],"predecessor-version":[{"id":1827,"href":"https:\/\/www.centroisah.it\/index.php?rest_route=\/wp\/v2\/pages\/135\/revisions\/1827"}],"wp:attachment":[{"href":"https:\/\/www.centroisah.it\/index.php?rest_route=%2Fwp%2Fv2%2Fmedia&parent=135"}],"curies":[{"name":"wp","href":"https:\/\/api.w.org\/{rel}","templated":true}]}}